{"id":2409,"date":"2016-05-17T00:23:01","date_gmt":"2016-05-17T00:23:01","guid":{"rendered":"http:\/\/isoplast.ind.br\/16\/produtos\/painel-epsisopor-frigo\/"},"modified":"2021-05-08T15:14:47","modified_gmt":"2021-05-08T15:14:47","slug":"painel-eps-isopor-frigo","status":"publish","type":"product","link":"http:\/\/isoplast.ind.br\/16\/produto\/painel-eps-isopor-frigo","title":{"rendered":"Painel EPS(Isopor\u00ae) Frigo"},"content":{"rendered":"<p>[vc_row css=&#8221;.vc_custom_1461374660102{margin-bottom: 10px !important;}&#8221;][vc_column][vc_custom_heading text=&#8221;CONHE\u00c7A UM POUCO MAIS SOBRE OS PAIN\u00c9IS EPS (Isopor\u00ae) ISOPLAST PARA C\u00c2MARAS FRIGOR\u00cdFICAS&#8221; google_fonts=&#8221;font_family:Abril%20Fatface%3Aregular&#8221;][\/vc_column][\/vc_row][vc_row css=&#8221;.vc_custom_1460299448665{margin-bottom: 40px !important;}&#8221;][vc_column][vc_column_text]<strong>Processo de Fabrica\u00e7\u00e3o:<\/strong><\/p>\n<p style=\"text-align: justify;\">Fabricado atrav\u00e9s de um processo de lamina\u00e7\u00e3o cont\u00ednua sob alta press\u00e3o, onde o n\u00facleo de EPS (isopor) \u00e9 laminado junto as chapas de a\u00e7o pr\u00e9-pintada ou galvalume atrav\u00e9s da inje\u00e7\u00e3o de um composto especial Bi-componente de poliuretano. Tal processo de lamina\u00e7\u00e3o garante \u00e0 perfeita ader\u00eancia do EPS as chapas pr\u00e9-pintadas, evitando totalmente a possibilidade de futuros descolamento ou a forma\u00e7\u00e3o de bols\u00f5es de ar. O Sistema de encaixe dos pain\u00e9is \u00e9 do tipo finger joint, sendo com um ou dois encaixes dependendo da espessura do painel.<\/p>\n<p style=\"text-align: justify;\"><img loading=\"lazy\" class=\"alignnone wp-image-2414\" src=\"http:\/\/isoplast.ind.br\/16\/wp-content\/uploads\/2016\/05\/foto_camara_3.jpg\" alt=\"foto_camara_3\" width=\"370\" height=\"300\" \/>\u00a0\u00a0\u00a0\u00a0\u00a0 <img loading=\"lazy\" class=\"alignnone wp-image-2415\" src=\"http:\/\/isoplast.ind.br\/16\/wp-content\/uploads\/2016\/05\/foto_camara2.jpg\" alt=\"foto_camara2\" width=\"343\" height=\"299\" \/><\/p>\n<p>[\/vc_column_text][\/vc_column][\/vc_row][vc_row css=&#8221;.vc_custom_1460242056107{margin-bottom: 40px !important;}&#8221;][vc_column][vc_tta_accordion][vc_tta_section title=&#8221;DETALHAMENTO DO PAINEL EPS FRIGO&#8221; tab_id=&#8221;1461271099901-0487d4c3-44b8&#8243;][vc_column_text]<strong>Caracter\u00edsticas Gerais:<\/strong><\/p>\n<p>&#8211; Indicado para c\u00e2maras frigor\u00edficas e constru\u00e7\u00e3o civil devido a alta tecnologia aplicada em sua fabrica\u00e7\u00e3o.<\/p>\n<p>&#8211; Facilidade e agilidade na montagem devido seus encaixes e acess\u00f3rios que foram desenvolvidos com alt\u00edssimo controle de qualidade.<\/p>\n<p>&nbsp;<\/p>\n<p><img loading=\"lazy\" class=\"alignnone wp-image-2412\" src=\"http:\/\/isoplast.ind.br\/16\/wp-content\/uploads\/2016\/05\/painel2_100mm.jpg\" alt=\"painel2_100mm\" width=\"671\" height=\"191\" srcset=\"http:\/\/isoplast.ind.br\/16\/wp-content\/uploads\/2016\/05\/painel2_100mm.jpg 600w, http:\/\/isoplast.ind.br\/16\/wp-content\/uploads\/2016\/05\/painel2_100mm-570x162.jpg 570w, http:\/\/isoplast.ind.br\/16\/wp-content\/uploads\/2016\/05\/painel2_100mm-300x86.jpg 300w\" sizes=\"(max-width: 671px) 100vw, 671px\" \/><\/p>\n<p>&nbsp;<\/p>\n<p><img loading=\"lazy\" class=\"alignnone wp-image-2413\" src=\"http:\/\/isoplast.ind.br\/16\/wp-content\/uploads\/2016\/05\/painel2_200mm.jpg\" alt=\"painel2_200mm\" width=\"670\" height=\"181\" srcset=\"http:\/\/isoplast.ind.br\/16\/wp-content\/uploads\/2016\/05\/painel2_200mm.jpg 600w, http:\/\/isoplast.ind.br\/16\/wp-content\/uploads\/2016\/05\/painel2_200mm-570x154.jpg 570w, http:\/\/isoplast.ind.br\/16\/wp-content\/uploads\/2016\/05\/painel2_200mm-300x81.jpg 300w\" sizes=\"(max-width: 670px) 100vw, 670px\" \/><\/p>\n<p><strong><br \/>\nPrincipais Vantagens:<\/strong><\/p>\n<ul>\n<li>Alto poder de isola\u00e7\u00e3o t\u00e9rmica;<\/li>\n<li>Praticidade;<\/li>\n<li>Rapidez;<\/li>\n<li>Sem produ\u00e7\u00e3o de res\u00edduo na montagem;<\/li>\n<li>Dispensa qualquer tipo de acabamento adicional;<\/li>\n<li>Placas moduladas onde voc\u00ea pode fazer a remontagem dos pain\u00e9is em diferentes configura\u00e7\u00f5es, sem perca de material.<\/li>\n<\/ul>\n<p>[\/vc_column_text][\/vc_tta_section][vc_tta_section title=&#8221;DIMENS\u00d5ES\/APLICA\u00c7\u00d5ES&#8221; tab_id=&#8221;1460241580289-2075081f-f25a&#8221;][vc_column_text]<strong><span class=\"style1\">Dimens\u00f5es:<br \/>\n<\/span><\/strong><span class=\"style1\">\u2013 Largura \u00fatil: 1.150mm<\/span><span class=\"style1\"><br \/>\n\u2013 Espessura: 50, 100, 150, 200 e 250mm<br \/>\n\u2013 Comprimento: De acordo com projeto, limitado ao transporte.<\/span><\/p>\n<p><strong>Ind\u00fastrias de Estocagem de Alimentos:<\/strong><\/p>\n<p><img loading=\"lazy\" class=\"alignnone size-full wp-image-2957\" src=\"http:\/\/isoplast.ind.br\/16\/wp-content\/uploads\/2016\/05\/01.1_painel.jpg\" alt=\"01.1_painel\" width=\"303\" height=\"302\" srcset=\"http:\/\/isoplast.ind.br\/16\/wp-content\/uploads\/2016\/05\/01.1_painel.jpg 303w, http:\/\/isoplast.ind.br\/16\/wp-content\/uploads\/2016\/05\/01.1_painel-270x270.jpg 270w, http:\/\/isoplast.ind.br\/16\/wp-content\/uploads\/2016\/05\/01.1_painel-100x100.jpg 100w, http:\/\/isoplast.ind.br\/16\/wp-content\/uploads\/2016\/05\/01.1_painel-150x150.jpg 150w, http:\/\/isoplast.ind.br\/16\/wp-content\/uploads\/2016\/05\/01.1_painel-300x300.jpg 300w\" sizes=\"(max-width: 303px) 100vw, 303px\" \/>\u00a0\u00a0\u00a0\u00a0 <img loading=\"lazy\" class=\"alignnone size-full wp-image-2958\" src=\"http:\/\/isoplast.ind.br\/16\/wp-content\/uploads\/2016\/05\/01.2_painel.jpg\" alt=\"01.2_painel\" width=\"299\" height=\"301\" srcset=\"http:\/\/isoplast.ind.br\/16\/wp-content\/uploads\/2016\/05\/01.2_painel.jpg 299w, http:\/\/isoplast.ind.br\/16\/wp-content\/uploads\/2016\/05\/01.2_painel-100x100.jpg 100w, http:\/\/isoplast.ind.br\/16\/wp-content\/uploads\/2016\/05\/01.2_painel-150x150.jpg 150w, http:\/\/isoplast.ind.br\/16\/wp-content\/uploads\/2016\/05\/01.2_painel-298x300.jpg 298w\" sizes=\"(max-width: 299px) 100vw, 299px\" \/>\u00a0\u00a0\u00a0\u00a0 <img loading=\"lazy\" class=\"alignnone size-full wp-image-2959\" src=\"http:\/\/isoplast.ind.br\/16\/wp-content\/uploads\/2016\/05\/01.3_painel.jpg\" alt=\"01.3_painel\" width=\"300\" height=\"300\" srcset=\"http:\/\/isoplast.ind.br\/16\/wp-content\/uploads\/2016\/05\/01.3_painel.jpg 300w, http:\/\/isoplast.ind.br\/16\/wp-content\/uploads\/2016\/05\/01.3_painel-270x270.jpg 270w, http:\/\/isoplast.ind.br\/16\/wp-content\/uploads\/2016\/05\/01.3_painel-100x100.jpg 100w, http:\/\/isoplast.ind.br\/16\/wp-content\/uploads\/2016\/05\/01.3_painel-150x150.jpg 150w\" sizes=\"(max-width: 300px) 100vw, 300px\" \/><\/p>\n<p><strong>C\u00e2maras Frigor\u00edficas:<\/strong><\/p>\n<p><img loading=\"lazy\" class=\"alignnone size-full wp-image-2960\" src=\"http:\/\/isoplast.ind.br\/16\/wp-content\/uploads\/2016\/05\/02.1_painel.jpg\" alt=\"02.1_painel\" width=\"299\" height=\"298\" srcset=\"http:\/\/isoplast.ind.br\/16\/wp-content\/uploads\/2016\/05\/02.1_painel.jpg 299w, http:\/\/isoplast.ind.br\/16\/wp-content\/uploads\/2016\/05\/02.1_painel-270x270.jpg 270w, http:\/\/isoplast.ind.br\/16\/wp-content\/uploads\/2016\/05\/02.1_painel-100x100.jpg 100w, http:\/\/isoplast.ind.br\/16\/wp-content\/uploads\/2016\/05\/02.1_painel-150x150.jpg 150w\" sizes=\"(max-width: 299px) 100vw, 299px\" \/>\u00a0\u00a0\u00a0\u00a0 <img loading=\"lazy\" class=\"alignnone size-full wp-image-2961\" src=\"http:\/\/isoplast.ind.br\/16\/wp-content\/uploads\/2016\/05\/02.2_painel.jpg\" alt=\"02.2_painel\" width=\"301\" height=\"300\" srcset=\"http:\/\/isoplast.ind.br\/16\/wp-content\/uploads\/2016\/05\/02.2_painel.jpg 301w, http:\/\/isoplast.ind.br\/16\/wp-content\/uploads\/2016\/05\/02.2_painel-270x270.jpg 270w, http:\/\/isoplast.ind.br\/16\/wp-content\/uploads\/2016\/05\/02.2_painel-100x100.jpg 100w, http:\/\/isoplast.ind.br\/16\/wp-content\/uploads\/2016\/05\/02.2_painel-150x150.jpg 150w, http:\/\/isoplast.ind.br\/16\/wp-content\/uploads\/2016\/05\/02.2_painel-300x299.jpg 300w\" sizes=\"(max-width: 301px) 100vw, 301px\" \/>\u00a0\u00a0\u00a0\u00a0 <img loading=\"lazy\" class=\"alignnone size-full wp-image-2962\" src=\"http:\/\/isoplast.ind.br\/16\/wp-content\/uploads\/2016\/05\/02.3_painel.jpg\" alt=\"02.3_painel\" width=\"301\" height=\"299\" srcset=\"http:\/\/isoplast.ind.br\/16\/wp-content\/uploads\/2016\/05\/02.3_painel.jpg 301w, http:\/\/isoplast.ind.br\/16\/wp-content\/uploads\/2016\/05\/02.3_painel-100x100.jpg 100w, http:\/\/isoplast.ind.br\/16\/wp-content\/uploads\/2016\/05\/02.3_painel-150x150.jpg 150w, http:\/\/isoplast.ind.br\/16\/wp-content\/uploads\/2016\/05\/02.3_painel-300x298.jpg 300w\" sizes=\"(max-width: 301px) 100vw, 301px\" \/><\/p>\n<p><strong>Transporte de Cargas Frias:<\/strong><\/p>\n<p><img loading=\"lazy\" class=\"alignnone size-full wp-image-2963\" src=\"http:\/\/isoplast.ind.br\/16\/wp-content\/uploads\/2016\/05\/03.1_painel.jpg\" alt=\"03.1_painel\" width=\"301\" height=\"303\" srcset=\"http:\/\/isoplast.ind.br\/16\/wp-content\/uploads\/2016\/05\/03.1_painel.jpg 301w, http:\/\/isoplast.ind.br\/16\/wp-content\/uploads\/2016\/05\/03.1_painel-100x100.jpg 100w, http:\/\/isoplast.ind.br\/16\/wp-content\/uploads\/2016\/05\/03.1_painel-150x150.jpg 150w, http:\/\/isoplast.ind.br\/16\/wp-content\/uploads\/2016\/05\/03.1_painel-298x300.jpg 298w\" sizes=\"(max-width: 301px) 100vw, 301px\" \/>\u00a0\u00a0\u00a0\u00a0 <img loading=\"lazy\" class=\"alignnone size-full wp-image-2964\" src=\"http:\/\/isoplast.ind.br\/16\/wp-content\/uploads\/2016\/05\/03.2_painel.jpg\" alt=\"03.2_painel\" width=\"301\" height=\"301\" srcset=\"http:\/\/isoplast.ind.br\/16\/wp-content\/uploads\/2016\/05\/03.2_painel.jpg 301w, http:\/\/isoplast.ind.br\/16\/wp-content\/uploads\/2016\/05\/03.2_painel-270x270.jpg 270w, http:\/\/isoplast.ind.br\/16\/wp-content\/uploads\/2016\/05\/03.2_painel-100x100.jpg 100w, http:\/\/isoplast.ind.br\/16\/wp-content\/uploads\/2016\/05\/03.2_painel-150x150.jpg 150w, http:\/\/isoplast.ind.br\/16\/wp-content\/uploads\/2016\/05\/03.2_painel-300x300.jpg 300w\" sizes=\"(max-width: 301px) 100vw, 301px\" \/>\u00a0\u00a0\u00a0\u00a0 <img loading=\"lazy\" class=\"alignnone size-full wp-image-2965\" src=\"http:\/\/isoplast.ind.br\/16\/wp-content\/uploads\/2016\/05\/03.3_painel.jpg\" alt=\"03.3_painel\" width=\"303\" height=\"304\" srcset=\"http:\/\/isoplast.ind.br\/16\/wp-content\/uploads\/2016\/05\/03.3_painel.jpg 303w, http:\/\/isoplast.ind.br\/16\/wp-content\/uploads\/2016\/05\/03.3_painel-270x270.jpg 270w, http:\/\/isoplast.ind.br\/16\/wp-content\/uploads\/2016\/05\/03.3_painel-100x100.jpg 100w, http:\/\/isoplast.ind.br\/16\/wp-content\/uploads\/2016\/05\/03.3_painel-150x150.jpg 150w, http:\/\/isoplast.ind.br\/16\/wp-content\/uploads\/2016\/05\/03.3_painel-300x300.jpg 300w\" sizes=\"(max-width: 303px) 100vw, 303px\" \/>[\/vc_column_text][\/vc_tta_section][\/vc_tta_accordion][\/vc_column][\/vc_row]<\/p>\n","protected":false},"excerpt":{"rendered":"<p style=\"text-align: justify;\"><strong><span class=\"style1\">Dimens\u00f5es:<br \/>\n&#8211; Largura \u00fatil: 1.150mm<br \/>\n&#8211; Espessura: 50, 100, 150, 200 e 250mm<br \/>\n&#8211; Comprimento: De acordo com projeto, limitado ao transporte.<\/span><\/strong><\/p>\n<hr \/>\n<p><strong><span style=\"color: #000000;\">BAIXE NOSSOS CAT\u00c1LOGOS E SAIBA MAIS:<\/span><\/strong><\/p>\n<p><a href=\"http:\/\/www.isoplast.ind.br\/16\/download\/catalogo_camaras_frigorificas_isoplast.pdf\" target=\"_blank\" rel=\"noopener\"><img loading=\"lazy\" class=\"alignnone wp-image-2320\" src=\"http:\/\/isoplast.ind.br\/16\/wp-content\/uploads\/2016\/05\/Cat_camaras_frigorificas.jpg\" alt=\"Cat_camaras_frigorificas\" width=\"99\" height=\"140\" srcset=\"http:\/\/isoplast.ind.br\/16\/wp-content\/uploads\/2016\/05\/Cat_camaras_frigorificas.jpg 459w, http:\/\/isoplast.ind.br\/16\/wp-content\/uploads\/2016\/05\/Cat_camaras_frigorificas-212x300.jpg 212w\" sizes=\"(max-width: 99px) 100vw, 99px\" \/><\/a>\u00a0\u00a0\u00a0\u00a0\u00a0 <a href=\"http:\/\/www.isoplast.ind.br\/16\/download\/procedimentos_montagem.pdf\" target=\"_blank\" rel=\"noopener\"><img loading=\"lazy\" class=\"alignnone wp-image-2321\" src=\"http:\/\/isoplast.ind.br\/16\/wp-content\/uploads\/2016\/05\/cat_proced_montagem_paineis.jpg\" alt=\"cat_proced_montagem_paineis\" width=\"99\" height=\"139\" srcset=\"http:\/\/isoplast.ind.br\/16\/wp-content\/uploads\/2016\/05\/cat_proced_montagem_paineis.jpg 458w, http:\/\/isoplast.ind.br\/16\/wp-content\/uploads\/2016\/05\/cat_proced_montagem_paineis-212x300.jpg 212w\" sizes=\"(max-width: 99px) 100vw, 99px\" \/><\/a><\/p>\n<hr \/>\n<p>[vc_row][vc_column][ultimate_modal modal_title=\"FORMUL\u00c1RIO DE COTA\u00c7\u00c3O:\" btn_bg_color=\"#1e73be\" btn_txt_color=\"#ffffff\" modal_on_align=\"left\" btn_text=\"SOLICITE UMA COTA\u00c7\u00c3O\" modal_size=\"medium\"][contact-form-7 id=\"1057\" title=\"Formul\u00e1rio de contato 1\"][\/ultimate_modal][\/vc_column][\/vc_row]<\/p>\n","protected":false},"featured_media":2410,"comment_status":"open","ping_status":"closed","template":"","meta":[],"yoast_head":"<!-- This site is optimized with the Yoast SEO plugin v15.5 - https:\/\/yoast.com\/wordpress\/plugins\/seo\/ -->\n<title>Painel EPS(Isopor\u00ae) Frigo - Isoplast Ltda<\/title>\n<meta name=\"robots\" content=\"index, follow, max-snippet:-1, max-image-preview:large, max-video-preview:-1\" \/>\n<link rel=\"canonical\" href=\"https:\/\/isoplast.ind.br\/16\/produto\/painel-eps-isopor-frigo\" \/>\n<meta property=\"og:locale\" content=\"pt_BR\" \/>\n<meta property=\"og:type\" content=\"article\" \/>\n<meta property=\"og:title\" content=\"Painel EPS(Isopor\u00ae) Frigo - Isoplast Ltda\" \/>\n<meta property=\"og:description\" content=\"Dimens\u00f5es: - Largura \u00fatil: 1.150mm - Espessura: 50, 100, 150, 200 e 250mm - Comprimento: De acordo com projeto, limitado ao transporte.     BAIXE NOSSOS CAT\u00c1LOGOS E SAIBA MAIS:  \u00a0\u00a0\u00a0\u00a0\u00a0     [vc_row][vc_column][\/vc_column][\/vc_row]\" \/>\n<meta property=\"og:url\" content=\"https:\/\/isoplast.ind.br\/16\/produto\/painel-eps-isopor-frigo\" \/>\n<meta property=\"og:site_name\" content=\"Isoplast Ltda\" \/>\n<meta property=\"article:modified_time\" content=\"2021-05-08T15:14:47+00:00\" \/>\n<meta property=\"og:image\" content=\"http:\/\/isoplast.ind.br\/16\/wp-content\/uploads\/2016\/05\/painel_eps_frigo.jpg\" \/>\n\t<meta property=\"og:image:width\" content=\"800\" \/>\n\t<meta property=\"og:image:height\" content=\"798\" \/>\n<meta name=\"twitter:card\" content=\"summary\" \/>\n<meta name=\"twitter:label1\" content=\"Est. reading time\">\n\t<meta name=\"twitter:data1\" content=\"1 minuto\">\n<script type=\"application\/ld+json\" class=\"yoast-schema-graph\">{\"@context\":\"https:\/\/schema.org\",\"@graph\":[{\"@type\":\"WebSite\",\"@id\":\"https:\/\/isoplast.ind.br\/16\/#website\",\"url\":\"https:\/\/isoplast.ind.br\/16\/\",\"name\":\"Isoplast Ltda\",\"description\":\"Tecnologia em EPS!\",\"potentialAction\":[{\"@type\":\"SearchAction\",\"target\":\"https:\/\/isoplast.ind.br\/16\/?s={search_term_string}\",\"query-input\":\"required name=search_term_string\"}],\"inLanguage\":\"pt-BR\"},{\"@type\":\"ImageObject\",\"@id\":\"https:\/\/isoplast.ind.br\/16\/produto\/painel-eps-isopor-frigo#primaryimage\",\"inLanguage\":\"pt-BR\",\"url\":\"http:\/\/isoplast.ind.br\/16\/wp-content\/uploads\/2016\/05\/painel_eps_frigo.jpg\",\"width\":800,\"height\":798},{\"@type\":\"WebPage\",\"@id\":\"https:\/\/isoplast.ind.br\/16\/produto\/painel-eps-isopor-frigo#webpage\",\"url\":\"https:\/\/isoplast.ind.br\/16\/produto\/painel-eps-isopor-frigo\",\"name\":\"Painel EPS(Isopor\\u00ae) Frigo - Isoplast Ltda\",\"isPartOf\":{\"@id\":\"https:\/\/isoplast.ind.br\/16\/#website\"},\"primaryImageOfPage\":{\"@id\":\"https:\/\/isoplast.ind.br\/16\/produto\/painel-eps-isopor-frigo#primaryimage\"},\"datePublished\":\"2016-05-17T00:23:01+00:00\",\"dateModified\":\"2021-05-08T15:14:47+00:00\",\"inLanguage\":\"pt-BR\",\"potentialAction\":[{\"@type\":\"ReadAction\",\"target\":[\"https:\/\/isoplast.ind.br\/16\/produto\/painel-eps-isopor-frigo\"]}]}]}<\/script>\n<!-- \/ Yoast SEO plugin. -->","_links":{"self":[{"href":"http:\/\/isoplast.ind.br\/16\/wp-json\/wp\/v2\/product\/2409"}],"collection":[{"href":"http:\/\/isoplast.ind.br\/16\/wp-json\/wp\/v2\/product"}],"about":[{"href":"http:\/\/isoplast.ind.br\/16\/wp-json\/wp\/v2\/types\/product"}],"replies":[{"embeddable":true,"href":"http:\/\/isoplast.ind.br\/16\/wp-json\/wp\/v2\/comments?post=2409"}],"wp:featuredmedia":[{"embeddable":true,"href":"http:\/\/isoplast.ind.br\/16\/wp-json\/wp\/v2\/media\/2410"}],"wp:attachment":[{"href":"http:\/\/isoplast.ind.br\/16\/wp-json\/wp\/v2\/media?parent=2409"}],"curies":[{"name":"wp","href":"https:\/\/api.w.org\/{rel}","templated":true}]}}