{"id":2296,"date":"2016-05-01T19:51:14","date_gmt":"2016-05-01T19:51:14","guid":{"rendered":"http:\/\/isoplast.ind.br\/16\/produtos\/termotelha-epsisopor-isoplast\/"},"modified":"2021-05-08T15:14:36","modified_gmt":"2021-05-08T15:14:36","slug":"termotelha-eps-isopor-isoplast","status":"publish","type":"product","link":"http:\/\/isoplast.ind.br\/16\/produto\/termotelha-eps-isopor-isoplast","title":{"rendered":"Termotelha EPS(Isopor\u00ae) Isoplast"},"content":{"rendered":"<p>[vc_row css=&#8221;.vc_custom_1461374660102{margin-bottom: 10px !important;}&#8221;][vc_column][vc_custom_heading text=&#8221;CONHE\u00c7A UM POUCO MAIS SOBRE AS TERMOTELHAS EPS (Isopor\u00ae) ISOPLAST&#8221;][\/vc_column][\/vc_row][vc_row css=&#8221;.vc_custom_1460299448665{margin-bottom: 40px !important;}&#8221;][vc_column][vc_column_text]<strong>Processo de Fabrica\u00e7\u00e3o:<\/strong><\/p>\n<p style=\"text-align: justify;\">A TERMOTELHA ISOPLAST \u00e9 fabricada atrav\u00e9s de um processo de lamina\u00e7\u00e3o cont\u00ednua sob alta press\u00e3o, onde o n\u00facleo de EPS (isopor) \u00e9 laminado junto as chapas de a\u00e7o (pr\u00e9-pintado ou galvalume) atrav\u00e9s da inje\u00e7\u00e3o de um composto especial bi-componente de poliuretano. Tal processo de lamina\u00e7\u00e3o garante a perfeita ader\u00eancia do EPS ao metal, evitando totalmente a possibilidade de futuros descolamentos ou a forma\u00e7\u00e3o de bols\u00f5es de ar.<\/p>\n<p>[\/vc_column_text][\/vc_column][\/vc_row][vc_row css=&#8221;.vc_custom_1460242056107{margin-bottom: 40px !important;}&#8221;][vc_column][vc_tta_accordion][vc_tta_section title=&#8221;DETALHAMENTO DA TERMOTELHA COM EPS&#8221; tab_id=&#8221;1461271099901-0487d4c3-44b8&#8243;][vc_column_text]<img loading=\"lazy\" class=\"alignnone wp-image-2298\" src=\"http:\/\/isoplast.ind.br\/16\/wp-content\/uploads\/2016\/05\/termotelha_1.jpg\" alt=\"termotelha_1\" width=\"671\" height=\"310\" srcset=\"http:\/\/isoplast.ind.br\/16\/wp-content\/uploads\/2016\/05\/termotelha_1.jpg 550w, http:\/\/isoplast.ind.br\/16\/wp-content\/uploads\/2016\/05\/termotelha_1-300x139.jpg 300w\" sizes=\"(max-width: 671px) 100vw, 671px\" \/><\/p>\n<p>Observa\u00e7\u00f5es.:<\/p>\n<p>&#8211; O acabamento MICRO-RIB \u00e9 uma \u00f3tima op\u00e7\u00e3o para situa\u00e7\u00f5es onde o cliente utilizar\u00e1 a Termotelha como forro, apresentando um melhor destaque em ambientes internos.<\/p>\n<p>&#8211; O acabamento da chapa inferior da TERMOTELHA ISOPLAST \u00e9 fabricado no padr\u00e3o MICRO-RIB, por\u00e9m pode ser produzido sob encomenda com acabamento RIB ou Liso.<\/p>\n<p><strong>Principais Vantagens:<\/strong><\/p>\n<ul>\n<li>Alto poder de isola\u00e7\u00e3o t\u00e9rmica \/ Conforto t\u00e9rmico;<\/li>\n<li>Economia na aquisi\u00e7\u00e3o do sistema de climatiza\u00e7\u00e3o;<\/li>\n<li>Redu\u00e7\u00e3o no consumo de energia;<\/li>\n<li>A\u00e7o pr\u00e9-pintado ou galvalume oferecem maior durabilidade;<\/li>\n<li>\u00d3timo acabamento (telha forro).<\/li>\n<\/ul>\n<p>[\/vc_column_text][\/vc_tta_section][vc_tta_section title=&#8221;DIMENS\u00d5ES \/ APLICA\u00c7\u00d5ES&#8221; tab_id=&#8221;1460241580289-2075081f-f25a&#8221;][vc_column_text]<strong><img loading=\"lazy\" class=\"alignnone wp-image-2299\" src=\"http:\/\/isoplast.ind.br\/16\/wp-content\/uploads\/2016\/05\/aplica_termo_1.jpg\" alt=\"aplica_termo_1\" width=\"370\" height=\"371\" srcset=\"http:\/\/isoplast.ind.br\/16\/wp-content\/uploads\/2016\/05\/aplica_termo_1.jpg 260w, http:\/\/isoplast.ind.br\/16\/wp-content\/uploads\/2016\/05\/aplica_termo_1-100x100.jpg 100w, http:\/\/isoplast.ind.br\/16\/wp-content\/uploads\/2016\/05\/aplica_termo_1-150x150.jpg 150w\" sizes=\"(max-width: 370px) 100vw, 370px\" \/>\u00a0\u00a0\u00a0\u00a0 <img loading=\"lazy\" class=\"alignnone wp-image-2300\" src=\"http:\/\/isoplast.ind.br\/16\/wp-content\/uploads\/2016\/05\/aplica_termo_2.jpg\" alt=\"aplica_termo_2\" width=\"370\" height=\"370\" srcset=\"http:\/\/isoplast.ind.br\/16\/wp-content\/uploads\/2016\/05\/aplica_termo_2.jpg 260w, http:\/\/isoplast.ind.br\/16\/wp-content\/uploads\/2016\/05\/aplica_termo_2-100x100.jpg 100w, http:\/\/isoplast.ind.br\/16\/wp-content\/uploads\/2016\/05\/aplica_termo_2-150x150.jpg 150w\" sizes=\"(max-width: 370px) 100vw, 370px\" \/><\/strong><\/p>\n<p><strong>Dimens\u00f5es:<\/strong><\/p>\n<ol>\n<li>Largura \u00fatil: 1.140mm<\/li>\n<li>Espessura: 40, 50, 75 e 100mm<\/li>\n<li>Comprimento: De acordo com projeto, limitado ao transporte.<\/li>\n<\/ol>\n<p><strong>Aplica\u00e7\u00f5es:<\/strong><\/p>\n<ul>\n<li>Shoppings<\/li>\n<li>Supermercados<\/li>\n<li>Centros de Distribui\u00e7\u00f5es<\/li>\n<li>Cinemas<\/li>\n<li>Escrit\u00f3rios Comerciais<\/li>\n<li>Laborat\u00f3rios<\/li>\n<li>Agroneg\u00f3cios<\/li>\n<li>Ind\u00fastrias em Geral<\/li>\n<li>Escolas<\/li>\n<li>Igrejas<\/li>\n<li>Concession\u00e1rias<\/li>\n<li>Centro de Conven\u00e7\u00f5es<\/li>\n<\/ul>\n<p>[\/vc_column_text][\/vc_tta_section][\/vc_tta_accordion][\/vc_column][\/vc_row]<\/p>\n","protected":false},"excerpt":{"rendered":"<p style=\"text-align: justify;\"><strong><span class=\"style1\">Dimens\u00f5es:<br \/>\n&#8211; Largura \u00fatil: 1.140mm<br \/>\n&#8211; Espessura: 40, 50, 75 e 100mm<br \/>\n&#8211; Comprimento: De acordo com projeto, limitado ao transporte.<\/span><\/strong><\/p>\n<hr \/>\n<p><strong><span style=\"color: #000000;\">BAIXE NOSSOS CAT\u00c1LOGOS E SAIBA MAIS:<\/span><\/strong><\/p>\n<p><a href=\"http:\/\/isoplast.ind.br\/16\/download\/catalogo_termotelha_isoplast.pdf\" target=\"_blank\" rel=\"noopener\"><img loading=\"lazy\" class=\"alignnone wp-image-2301\" src=\"http:\/\/isoplast.ind.br\/16\/wp-content\/uploads\/2016\/05\/termotelhas.gif\" alt=\"termotelhas\" width=\"100\" height=\"141\" \/><\/a>\u00a0\u00a0\u00a0\u00a0 <a title=\"Clique para baixar\" href=\"http:\/\/isoplast.ind.br\/16\/download\/catalogo_construcao_civil.pdf\" target=\"_blank\" rel=\"noopener\"><img loading=\"lazy\" class=\"alignnone wp-image-1945\" src=\"http:\/\/isoplast.ind.br\/16\/wp-content\/uploads\/2016\/03\/catalogo_construcao_civil-213x300.jpg\" alt=\"catalogo_construcao_civil\" width=\"100\" height=\"141\" srcset=\"http:\/\/isoplast.ind.br\/16\/wp-content\/uploads\/2016\/03\/catalogo_construcao_civil-213x300.jpg 213w, http:\/\/isoplast.ind.br\/16\/wp-content\/uploads\/2016\/03\/catalogo_construcao_civil.jpg 457w\" sizes=\"(max-width: 100px) 100vw, 100px\" \/><\/a><\/p>\n<hr \/>\n<p>[vc_row][vc_column][ultimate_modal modal_title=\"FORMUL\u00c1RIO DE COTA\u00c7\u00c3O:\" btn_bg_color=\"#1e73be\" btn_txt_color=\"#ffffff\" modal_on_align=\"left\" btn_text=\"SOLICITE UMA COTA\u00c7\u00c3O\" modal_size=\"medium\"][contact-form-7 id=\"1057\" title=\"Formul\u00e1rio de contato 1\"][\/ultimate_modal][\/vc_column][\/vc_row]<\/p>\n","protected":false},"featured_media":2302,"comment_status":"open","ping_status":"closed","template":"","meta":[],"yoast_head":"<!-- This site is optimized with the Yoast SEO plugin v15.5 - https:\/\/yoast.com\/wordpress\/plugins\/seo\/ -->\n<title>Termotelha EPS(Isopor\u00ae) Isoplast - Isoplast Ltda<\/title>\n<meta name=\"robots\" content=\"index, follow, max-snippet:-1, max-image-preview:large, max-video-preview:-1\" \/>\n<link rel=\"canonical\" href=\"http:\/\/isoplast.ind.br\/16\/produto\/termotelha-eps-isopor-isoplast\" \/>\n<meta property=\"og:locale\" content=\"pt_BR\" \/>\n<meta property=\"og:type\" content=\"article\" \/>\n<meta property=\"og:title\" content=\"Termotelha EPS(Isopor\u00ae) Isoplast - Isoplast Ltda\" \/>\n<meta property=\"og:description\" content=\"Dimens\u00f5es: - Largura \u00fatil: 1.140mm - Espessura: 40, 50, 75 e 100mm - Comprimento: De acordo com projeto, limitado ao transporte.     BAIXE NOSSOS CAT\u00c1LOGOS E SAIBA MAIS:  \u00a0\u00a0\u00a0\u00a0     [vc_row][vc_column][\/vc_column][\/vc_row]\" \/>\n<meta property=\"og:url\" content=\"http:\/\/isoplast.ind.br\/16\/produto\/termotelha-eps-isopor-isoplast\" \/>\n<meta property=\"og:site_name\" content=\"Isoplast Ltda\" \/>\n<meta property=\"article:modified_time\" content=\"2021-05-08T15:14:36+00:00\" \/>\n<meta property=\"og:image\" content=\"http:\/\/isoplast.ind.br\/16\/wp-content\/uploads\/2016\/05\/nucleo_telhas_principal2-1.jpg\" \/>\n\t<meta property=\"og:image:width\" content=\"800\" \/>\n\t<meta property=\"og:image:height\" content=\"798\" \/>\n<meta name=\"twitter:card\" content=\"summary\" \/>\n<meta name=\"twitter:label1\" content=\"Est. reading time\">\n\t<meta name=\"twitter:data1\" content=\"1 minuto\">\n<script type=\"application\/ld+json\" class=\"yoast-schema-graph\">{\"@context\":\"https:\/\/schema.org\",\"@graph\":[{\"@type\":\"WebSite\",\"@id\":\"https:\/\/isoplast.ind.br\/16\/#website\",\"url\":\"https:\/\/isoplast.ind.br\/16\/\",\"name\":\"Isoplast Ltda\",\"description\":\"Tecnologia em EPS!\",\"potentialAction\":[{\"@type\":\"SearchAction\",\"target\":\"https:\/\/isoplast.ind.br\/16\/?s={search_term_string}\",\"query-input\":\"required name=search_term_string\"}],\"inLanguage\":\"pt-BR\"},{\"@type\":\"ImageObject\",\"@id\":\"http:\/\/isoplast.ind.br\/16\/produto\/termotelha-eps-isopor-isoplast#primaryimage\",\"inLanguage\":\"pt-BR\",\"url\":\"http:\/\/isoplast.ind.br\/16\/wp-content\/uploads\/2016\/05\/nucleo_telhas_principal2-1.jpg\",\"width\":800,\"height\":798},{\"@type\":\"WebPage\",\"@id\":\"http:\/\/isoplast.ind.br\/16\/produto\/termotelha-eps-isopor-isoplast#webpage\",\"url\":\"http:\/\/isoplast.ind.br\/16\/produto\/termotelha-eps-isopor-isoplast\",\"name\":\"Termotelha EPS(Isopor\\u00ae) Isoplast - Isoplast Ltda\",\"isPartOf\":{\"@id\":\"https:\/\/isoplast.ind.br\/16\/#website\"},\"primaryImageOfPage\":{\"@id\":\"http:\/\/isoplast.ind.br\/16\/produto\/termotelha-eps-isopor-isoplast#primaryimage\"},\"datePublished\":\"2016-05-01T19:51:14+00:00\",\"dateModified\":\"2021-05-08T15:14:36+00:00\",\"inLanguage\":\"pt-BR\",\"potentialAction\":[{\"@type\":\"ReadAction\",\"target\":[\"http:\/\/isoplast.ind.br\/16\/produto\/termotelha-eps-isopor-isoplast\"]}]}]}<\/script>\n<!-- \/ Yoast SEO plugin. -->","_links":{"self":[{"href":"http:\/\/isoplast.ind.br\/16\/wp-json\/wp\/v2\/product\/2296"}],"collection":[{"href":"http:\/\/isoplast.ind.br\/16\/wp-json\/wp\/v2\/product"}],"about":[{"href":"http:\/\/isoplast.ind.br\/16\/wp-json\/wp\/v2\/types\/product"}],"replies":[{"embeddable":true,"href":"http:\/\/isoplast.ind.br\/16\/wp-json\/wp\/v2\/comments?post=2296"}],"wp:featuredmedia":[{"embeddable":true,"href":"http:\/\/isoplast.ind.br\/16\/wp-json\/wp\/v2\/media\/2302"}],"wp:attachment":[{"href":"http:\/\/isoplast.ind.br\/16\/wp-json\/wp\/v2\/media?parent=2296"}],"curies":[{"name":"wp","href":"https:\/\/api.w.org\/{rel}","templated":true}]}}