{"id":2288,"date":"2016-05-01T18:46:04","date_gmt":"2016-05-01T18:46:04","guid":{"rendered":"http:\/\/isoplast.ind.br\/16\/produtos\/nucleos-epsisopor-para-telhas\/"},"modified":"2021-05-08T15:14:07","modified_gmt":"2021-05-08T15:14:07","slug":"nucleos-eps-isopor-para-telhas","status":"publish","type":"product","link":"http:\/\/isoplast.ind.br\/16\/produto\/nucleos-eps-isopor-para-telhas","title":{"rendered":"N\u00facleos EPS(Isopor\u00ae) para Telhas"},"content":{"rendered":"<p>[vc_row css=&#8221;.vc_custom_1461374660102{margin-bottom: 10px !important;}&#8221;][vc_column][vc_custom_heading text=&#8221;CONHE\u00c7A UM POUCO MAIS SOBRE OS N\u00daCLEOS EPS (Isopor\u00ae) PARA TELHAS&#8221;][\/vc_column][\/vc_row][vc_row css=&#8221;.vc_custom_1460299448665{margin-bottom: 40px !important;}&#8221;][vc_column][vc_column_text]<strong>Melhor custo benef\u00edcio:<\/strong><\/p>\n<p style=\"text-align: justify;\">Os isolamentos de EPS podem ser aplicados em diversos tipos de telhas, tais com telhas de Zincalume, Pr\u00e9-pintadas, Telhas de Fibro-cimento, telhas ecol\u00f3gicas, produzidas com materiais recicl\u00e1veis e outras.<\/p>\n<p>A ISOPLAST possui modernas m\u00e1quinas pantogr\u00e1ficas que permitem modelar qualquer tipo de perfil de telha, obtendo alta precis\u00e3o.<\/p>\n<p>Grande parte do aquecimento interno das edifica\u00e7\u00f5es \u00e9 proveniente da cobertura, veja algumas caracter\u00edsticas e vantagens do isolamento de EPS ( isopor ). O material utilizado \u00e9 tipo F, retardante \u00e0 chama, ou seja, quando se retira a chama o fogo apaga-se imediatamente.[\/vc_column_text][\/vc_column][\/vc_row][vc_row css=&#8221;.vc_custom_1460242056107{margin-bottom: 40px !important;}&#8221;][vc_column][vc_tta_accordion][vc_tta_section title=&#8221;CONVENI\u00caNCIA ECON\u00d4MICA&#8221; tab_id=&#8221;1461271099901-0487d4c3-44b8&#8243;][vc_column_text]N\u00e3o obstante a sua qualidade garantida, o EPS \u00e9 um dos isolantes t\u00e9rmicos de menor custo. Se fizermos um estudo de custo\/benef\u00edcio comparando com materias alternativos, poderemos comprovar tranquilamente o que dissemos. O conforto ser\u00e1 ainda mais favor\u00e1vel se considerarmos a facilidade de coloca\u00e7\u00e3o, a rapidez e a quase aus\u00eancia de materiais acess\u00f3rios.<\/p>\n<p><strong>Telha Ecol\u00f3gica com n\u00facleo em EPS (Isoplast):<\/strong><\/p>\n<p><img loading=\"lazy\" class=\"alignnone wp-image-2292\" src=\"http:\/\/isoplast.ind.br\/16\/wp-content\/uploads\/2016\/05\/telha_ecologica_2.jpg\" alt=\"telha_ecologica_2\" width=\"661\" height=\"329\" srcset=\"http:\/\/isoplast.ind.br\/16\/wp-content\/uploads\/2016\/05\/telha_ecologica_2.jpg 520w, http:\/\/isoplast.ind.br\/16\/wp-content\/uploads\/2016\/05\/telha_ecologica_2-300x149.jpg 300w\" sizes=\"(max-width: 661px) 100vw, 661px\" \/><\/p>\n<p><img loading=\"lazy\" class=\"alignnone wp-image-2293\" src=\"http:\/\/isoplast.ind.br\/16\/wp-content\/uploads\/2016\/05\/telha_ecologica_4.jpg\" alt=\"telha_ecologica_4\" width=\"662\" height=\"221\" srcset=\"http:\/\/isoplast.ind.br\/16\/wp-content\/uploads\/2016\/05\/telha_ecologica_4.jpg 530w, http:\/\/isoplast.ind.br\/16\/wp-content\/uploads\/2016\/05\/telha_ecologica_4-300x100.jpg 300w\" sizes=\"(max-width: 662px) 100vw, 662px\" \/><\/p>\n<p style=\"text-align: justify;\"><strong>Obs: <\/strong>O formato de corte do EPS pode ser acompanhando o sentido das ondas na face superior e inferior ou somente na face superior, ficando com sua face inferior lisa.<\/p>\n<p style=\"text-align: justify;\"><strong>BENEF\u00cdCIO:<\/strong><\/p>\n<p style=\"text-align: justify;\">&#8211; Suporta a temperatura m\u00ednima de -150\u00baC e m\u00e1xima de aproximadamente +85\u00baC.<br \/>\n&#8211; Totalmente at\u00f3xico.<br \/>\n&#8211; Alto poder de isolamento t\u00e9rmico.<br \/>\n&#8211; Economia de energia no condicionamento dos ambientes.<br \/>\n&#8211; Conforto termo ac\u00fastico.<br \/>\n&#8211; O isolamento ac\u00fastico \u00e9 parcial. Na espessura de 30 mm bloqueia de 40 a 45 decibeis, o que garante efici\u00eancia nos dias de chuva, amortecendo 95% do impacto do pingo d&#8217;\u00e1gua e neutralizando o ru\u00eddo.<br \/>\n&#8211; \u00d3timo custo\/benef\u00edcio em rela\u00e7\u00e3o a outros isolamentos.<\/p>\n<p style=\"text-align: justify;\"><strong>Telha de Alum\u00ednio com n\u00facleo em EPS (Isoplast):<\/strong><\/p>\n<p style=\"text-align: justify;\"><img loading=\"lazy\" class=\"alignnone wp-image-2294\" src=\"http:\/\/isoplast.ind.br\/16\/wp-content\/uploads\/2016\/05\/nucleo_isopor_telha_aco.jpg\" alt=\"nucleo_isopor_telha_aco\" width=\"661\" height=\"472\" srcset=\"http:\/\/isoplast.ind.br\/16\/wp-content\/uploads\/2016\/05\/nucleo_isopor_telha_aco.jpg 550w, http:\/\/isoplast.ind.br\/16\/wp-content\/uploads\/2016\/05\/nucleo_isopor_telha_aco-300x214.jpg 300w\" sizes=\"(max-width: 661px) 100vw, 661px\" \/><\/p>\n<p>[\/vc_column_text][\/vc_tta_section][vc_tta_section title=&#8221;INFORMA\u00c7\u00d5ES T\u00c9CNICAS&#8221; tab_id=&#8221;1460241580289-2075081f-f25a&#8221;][vc_column_text]<\/p>\n<p style=\"text-align: justify;\">A espessura do isolamento \u00e9 definida em fun\u00e7\u00e3o da diferen\u00e7a de temperatura entre o ambiente interno e externo.<\/p>\n<p>O quanto se consegue reduzir de temperatura entre a interna e externa depende de alguns fatores como, por exemplo, aberturas, p\u00e9-direito, gera\u00e7\u00e3o de calor internamente, insola\u00e7\u00e3o, ventos entre outros.<\/p>\n<p>O Isolamento de EPS na espessura de 30 mm ret\u00e9m 85% do calor gerado na fonte.<\/p>\n<p style=\"text-align: justify;\"><img loading=\"lazy\" class=\"alignnone wp-image-2295\" src=\"http:\/\/isoplast.ind.br\/16\/wp-content\/uploads\/2016\/05\/telha_ceramica_amianto_eps.jpg\" alt=\"telha_ceramica_amianto_eps\" width=\"660\" height=\"342\" srcset=\"http:\/\/isoplast.ind.br\/16\/wp-content\/uploads\/2016\/05\/telha_ceramica_amianto_eps.jpg 550w, http:\/\/isoplast.ind.br\/16\/wp-content\/uploads\/2016\/05\/telha_ceramica_amianto_eps-300x155.jpg 300w\" sizes=\"(max-width: 660px) 100vw, 660px\" \/><\/p>\n<p style=\"text-align: justify;\">&#8211; Densidade: =~10 a 15Kg \/ m\u00b3<br \/>\n&#8211; Coeficiente de condu\u00e7\u00e3o de calor: 0,028 Kcal\/h.m.\u00b0C<br \/>\n&#8211; Material tipo F retardante a chama ( auto-extingu\u00edvel )<br \/>\n&#8211; Absor\u00e7\u00e3o de \u00e1gua m\u00e1xima de 4% do volume quando submerso em \u00e1gua ap\u00f3s 5 anos.<br \/>\n&#8211; N\u00e3o cont\u00e9m CFC ( Cloro Fl\u00faor Carbono ) n\u00e3o atacando a camada de oz\u00f4nio.<br \/>\n&#8211; \u00c9 est\u00e1vel quimicamente frente aos materiais da constru\u00e7\u00e3o civil como cimento, cal, gesso, areia e suas respectivas misturas. Deve-se levar em conta a aplica\u00e7\u00e3o de solventes, pinturas a base de \u00f3leo, produtos derivados de alcatr\u00e3o, agentes fluidificantes, assim como de vapores dessas subst\u00e2ncias, mon\u00f3xido de carbono, di\u00f3xido de carbono e hidrocarbonetos.<br \/>\n&#8211; N\u00e3o constitui, em hip\u00f3tese alguma, alimento para microorganismos.<br \/>\n&#8211; \u00c9 imputresc\u00edvel, n\u00e3o mofa e n\u00e3o desintegra.<\/p>\n<p>[\/vc_column_text][\/vc_tta_section][\/vc_tta_accordion][\/vc_column][\/vc_row]<\/p>\n","protected":false},"excerpt":{"rendered":"<p style=\"text-align: justify;\"><strong><span class=\"style1\">ATEN\u00c7\u00c3O: <\/span>A empresa <span class=\"style3\">ISOPLAST<\/span> fornece apenas o EPS(isopor\u00ae). O EPS pode ser fornecido em placas nas espessuras adequadas a um bom isolamento t\u00e9rmico ou qualquer outra medida\/formato determinado pelo consumidor, facilitando bastante o seu manuseio e aplica\u00e7\u00e3o.<\/strong><\/p>\n<hr \/>\n<p><strong><span style=\"color: #000000;\">BAIXE NOSSO CAT\u00c1LOGO E SAIBA MAIS:<\/span><\/strong><\/p>\n<p><a title=\"Clique para baixar\" href=\"http:\/\/isoplast.ind.br\/16\/download\/catalogo_construcao_civil.pdf\" target=\"_blank\" rel=\"noopener\"><img loading=\"lazy\" class=\"alignnone wp-image-1945\" src=\"http:\/\/isoplast.ind.br\/16\/wp-content\/uploads\/2016\/03\/catalogo_construcao_civil-213x300.jpg\" alt=\"catalogo_construcao_civil\" width=\"100\" height=\"141\" srcset=\"http:\/\/isoplast.ind.br\/16\/wp-content\/uploads\/2016\/03\/catalogo_construcao_civil-213x300.jpg 213w, http:\/\/isoplast.ind.br\/16\/wp-content\/uploads\/2016\/03\/catalogo_construcao_civil.jpg 457w\" sizes=\"(max-width: 100px) 100vw, 100px\" \/><\/a><\/p>\n<hr \/>\n<p>[vc_row][vc_column][ultimate_modal modal_title=\"FORMUL\u00c1RIO DE COTA\u00c7\u00c3O:\" btn_bg_color=\"#1e73be\" btn_txt_color=\"#ffffff\" modal_on_align=\"left\" btn_text=\"SOLICITE UMA COTA\u00c7\u00c3O\" modal_size=\"medium\"][contact-form-7 id=\"1057\" title=\"Formul\u00e1rio de contato 1\"][\/ultimate_modal][\/vc_column][\/vc_row]<\/p>\n","protected":false},"featured_media":2289,"comment_status":"open","ping_status":"closed","template":"","meta":[],"yoast_head":"<!-- This site is optimized with the Yoast SEO plugin v15.5 - https:\/\/yoast.com\/wordpress\/plugins\/seo\/ -->\n<title>N\u00facleos EPS(Isopor\u00ae) para Telhas - Isoplast Ltda<\/title>\n<meta name=\"robots\" content=\"index, follow, max-snippet:-1, max-image-preview:large, max-video-preview:-1\" \/>\n<link rel=\"canonical\" href=\"https:\/\/isoplast.ind.br\/16\/produto\/nucleos-eps-isopor-para-telhas\" \/>\n<meta property=\"og:locale\" content=\"pt_BR\" \/>\n<meta property=\"og:type\" content=\"article\" \/>\n<meta property=\"og:title\" content=\"N\u00facleos EPS(Isopor\u00ae) para Telhas - Isoplast Ltda\" \/>\n<meta property=\"og:description\" content=\"ATEN\u00c7\u00c3O: A empresa ISOPLAST fornece apenas o EPS(isopor\u00ae). O EPS pode ser fornecido em placas nas espessuras adequadas a um bom isolamento t\u00e9rmico ou qualquer outra medida\/formato determinado pelo consumidor, facilitando bastante o seu manuseio e aplica\u00e7\u00e3o.     BAIXE NOSSO CAT\u00c1LOGO E SAIBA MAIS:      [vc_row][vc_column][\/vc_column][\/vc_row]\" \/>\n<meta property=\"og:url\" content=\"https:\/\/isoplast.ind.br\/16\/produto\/nucleos-eps-isopor-para-telhas\" \/>\n<meta property=\"og:site_name\" content=\"Isoplast Ltda\" \/>\n<meta property=\"article:modified_time\" content=\"2021-05-08T15:14:07+00:00\" \/>\n<meta property=\"og:image\" content=\"http:\/\/isoplast.ind.br\/16\/wp-content\/uploads\/2016\/05\/nucleo_telhas_principal.jpg\" \/>\n\t<meta property=\"og:image:width\" content=\"800\" \/>\n\t<meta property=\"og:image:height\" content=\"798\" \/>\n<meta name=\"twitter:card\" content=\"summary\" \/>\n<meta name=\"twitter:label1\" content=\"Est. reading time\">\n\t<meta name=\"twitter:data1\" content=\"2 minutos\">\n<script type=\"application\/ld+json\" class=\"yoast-schema-graph\">{\"@context\":\"https:\/\/schema.org\",\"@graph\":[{\"@type\":\"WebSite\",\"@id\":\"https:\/\/isoplast.ind.br\/16\/#website\",\"url\":\"https:\/\/isoplast.ind.br\/16\/\",\"name\":\"Isoplast Ltda\",\"description\":\"Tecnologia em EPS!\",\"potentialAction\":[{\"@type\":\"SearchAction\",\"target\":\"https:\/\/isoplast.ind.br\/16\/?s={search_term_string}\",\"query-input\":\"required name=search_term_string\"}],\"inLanguage\":\"pt-BR\"},{\"@type\":\"ImageObject\",\"@id\":\"https:\/\/isoplast.ind.br\/16\/produto\/nucleos-eps-isopor-para-telhas#primaryimage\",\"inLanguage\":\"pt-BR\",\"url\":\"http:\/\/isoplast.ind.br\/16\/wp-content\/uploads\/2016\/05\/nucleo_telhas_principal.jpg\",\"width\":800,\"height\":798},{\"@type\":\"WebPage\",\"@id\":\"https:\/\/isoplast.ind.br\/16\/produto\/nucleos-eps-isopor-para-telhas#webpage\",\"url\":\"https:\/\/isoplast.ind.br\/16\/produto\/nucleos-eps-isopor-para-telhas\",\"name\":\"N\\u00facleos EPS(Isopor\\u00ae) para Telhas - Isoplast Ltda\",\"isPartOf\":{\"@id\":\"https:\/\/isoplast.ind.br\/16\/#website\"},\"primaryImageOfPage\":{\"@id\":\"https:\/\/isoplast.ind.br\/16\/produto\/nucleos-eps-isopor-para-telhas#primaryimage\"},\"datePublished\":\"2016-05-01T18:46:04+00:00\",\"dateModified\":\"2021-05-08T15:14:07+00:00\",\"inLanguage\":\"pt-BR\",\"potentialAction\":[{\"@type\":\"ReadAction\",\"target\":[\"https:\/\/isoplast.ind.br\/16\/produto\/nucleos-eps-isopor-para-telhas\"]}]}]}<\/script>\n<!-- \/ Yoast SEO plugin. -->","_links":{"self":[{"href":"http:\/\/isoplast.ind.br\/16\/wp-json\/wp\/v2\/product\/2288"}],"collection":[{"href":"http:\/\/isoplast.ind.br\/16\/wp-json\/wp\/v2\/product"}],"about":[{"href":"http:\/\/isoplast.ind.br\/16\/wp-json\/wp\/v2\/types\/product"}],"replies":[{"embeddable":true,"href":"http:\/\/isoplast.ind.br\/16\/wp-json\/wp\/v2\/comments?post=2288"}],"wp:featuredmedia":[{"embeddable":true,"href":"http:\/\/isoplast.ind.br\/16\/wp-json\/wp\/v2\/media\/2289"}],"wp:attachment":[{"href":"http:\/\/isoplast.ind.br\/16\/wp-json\/wp\/v2\/media?parent=2288"}],"curies":[{"name":"wp","href":"https:\/\/api.w.org\/{rel}","templated":true}]}}