{"id":2256,"date":"2016-04-30T13:22:30","date_gmt":"2016-04-30T13:22:30","guid":{"rendered":"http:\/\/isoplast.ind.br\/16\/produtos\/blocos-epsisopor-recortados\/"},"modified":"2021-05-08T15:12:58","modified_gmt":"2021-05-08T15:12:58","slug":"blocos-epsisopor-recortados","status":"publish","type":"product","link":"http:\/\/isoplast.ind.br\/16\/produto\/blocos-epsisopor-recortados","title":{"rendered":"Blocos EPS(Isopor\u00ae) Recortados"},"content":{"rendered":"<p>[vc_row css=&#8221;.vc_custom_1461374660102{margin-bottom: 10px !important;}&#8221;][vc_column][vc_custom_heading text=&#8221;CONHE\u00c7A UM POUCO MAIS SOBRE OS BLOCOS EPS (Isopor\u00ae) RECORTADOS PARA NIVELAMENTO E ATERRAMENTOS&#8221;][\/vc_column][\/vc_row][vc_row css=&#8221;.vc_custom_1460299448665{margin-bottom: 40px !important;}&#8221;][vc_column][vc_column_text]<img loading=\"lazy\" class=\"wp-image-2259 aligncenter\" src=\"http:\/\/isoplast.ind.br\/16\/wp-content\/uploads\/2016\/04\/blocos_aterro_eps.jpg\" alt=\"blocos_aterro_eps\" width=\"899\" height=\"829\" srcset=\"http:\/\/isoplast.ind.br\/16\/wp-content\/uploads\/2016\/04\/blocos_aterro_eps.jpg 590w, http:\/\/isoplast.ind.br\/16\/wp-content\/uploads\/2016\/04\/blocos_aterro_eps-570x526.jpg 570w, http:\/\/isoplast.ind.br\/16\/wp-content\/uploads\/2016\/04\/blocos_aterro_eps-300x277.jpg 300w\" sizes=\"(max-width: 899px) 100vw, 899px\" \/>[\/vc_column_text][\/vc_column][\/vc_row][vc_row css=&#8221;.vc_custom_1460242056107{margin-bottom: 40px !important;}&#8221;][vc_column][vc_tta_accordion][vc_tta_section title=&#8221;APLICA\u00c7\u00d5ES DIVERSAS \/ CONSTRU\u00c7\u00d5ES LEVES \/ PAISAGISMO&#8221; tab_id=&#8221;1461271099901-0487d4c3-44b8&#8243;][vc_column_text]<\/p>\n<h6 style=\"text-align: justify;\">Sua combina\u00e7\u00e3o de leveza e resist\u00eancia \u00e0 compress\u00e3o faz dos blocos em EPS um material atrativo para preencher uma grande variedade de situa\u00e7\u00f5es como: transporte e n\u00e3o-transporte, estabiliza\u00e7\u00e3o do solo, inclina\u00e7\u00e3o para leitos de estradas e de isolamento de pavimentos.<\/h6>\n<h6><img loading=\"lazy\" class=\" wp-image-2260 alignleft\" src=\"http:\/\/isoplast.ind.br\/16\/wp-content\/uploads\/2016\/04\/aterro_nivelamento_3.jpg\" alt=\"aterro_nivelamento_3\" width=\"400\" height=\"341\" \/>&#8211; Assento do est\u00e1dio \/ audit\u00f3rios<br \/>\n<span title=\"Clique para mostrar tradu\u00e7\u00f5es alternativas\">&#8211;<\/span> Nivelamento piso<br \/>\n<span title=\"Clique para mostrar tradu\u00e7\u00f5es alternativas\">&#8211;<\/span> Paredes de reten\u00e7\u00e3o<br \/>\n<span title=\"Clique para mostrar tradu\u00e7\u00f5es alternativas\">&#8211;<\/span> Anular a piscina preencher<br \/>\n<span title=\"Clique para mostrar tradu\u00e7\u00f5es alternativas\">&#8211;<\/span> Funda\u00e7\u00e3o de estabiliza\u00e7\u00e3o do solo<\/h6>\n<h6 style=\"text-align: justify;\">Ao construir uma estrada sobre camadas inferiores de baixa resist\u00eancia, temos que levar em conta especialmente que toda a carga deforma as camadas moles do terreno, tanto mais, quanto mais pesada seja a carga.<\/h6>\n<h6 style=\"text-align: justify;\">Dependendo da espessuras dessas camadas de solo, este processo de deforma\u00e7\u00e3o pode-se prolongar durante anos. Al\u00e9m da baixa resist\u00eancia dos solos, \u00e9 necess\u00e1rio evitar uma poss\u00edvel concentra\u00e7\u00e3o de cargas, j\u00e1 que as camadas podem deslizar lateralmente. Os materiais adicionados para compensar o recalque por peso pr\u00f3prio (como ocorre, por exemplo, nos cruzamentos) devido as cargas adicionais provocam por sua vez novos recalques.<\/h6>\n<h6><img loading=\"lazy\" class=\"wp-image-2261 alignleft\" src=\"http:\/\/isoplast.ind.br\/16\/wp-content\/uploads\/2016\/04\/aterro_nivelamento_1.jpg\" alt=\"aterro_nivelamento_1\" width=\"400\" height=\"341\" \/><\/h6>\n<h6><\/h6>\n<h6><span title=\"Clique para mostrar tradu\u00e7\u00f5es alternativas\">&#8211;<\/span> Cais e rampas de cargo<br \/>\n&#8211; Bermas e terrenos<br \/>\n<span title=\"Clique para mostrar tradu\u00e7\u00f5es alternativas\">&#8211;<\/span> Caracter\u00edsticas da \u00e1gua<br \/>\n<span title=\"Clique para mostrar tradu\u00e7\u00f5es alternativas\">&#8211;<\/span> Estruturas de conten\u00e7\u00e3o<br \/>\n<span title=\"Clique para mostrar tradu\u00e7\u00f5es alternativas\">&#8211; Design<\/span> e constru\u00e7\u00e3o de campo de golfe<br \/>\n<span title=\"Clique para mostrar tradu\u00e7\u00f5es alternativas\">&#8211;<\/span> Plantadores de grandes<\/h6>\n<h6 style=\"text-align: justify;\">Os procedimentos convencionais utilizados para melhorar o terreno mediante renova\u00e7\u00e3o completa ou parcial do mesmo, em geral exigem muito tempo e t\u00eam custo elevado. O emprego de materiais leves permitem reduzir consideravelmente o peso do aterro e a carga exercida sobre o subsolo.<\/h6>\n<h6 style=\"text-align: justify;\">Para obter uma constru\u00e7\u00e3o que supra os recalques no caso de um subsolo fr\u00e1gil, \u00e9 importante que n\u00e3o se aplique praticamente nenhuma carga adicional, na verdade, que o peso do material utilizado para o aterro seja essencialmente baixo, como ocorre, por exemplo, quando se utiliza materiais de constru\u00e7\u00e3o leves de blocos de espuma r\u00edgida de EPS <span class=\"style1\">ISOPLAST<\/span>.<\/h6>\n<p>[\/vc_column_text][\/vc_tta_section][vc_tta_section title=&#8221;TRANSPORTE \/ ESTRADAS&#8221; tab_id=&#8221;1460241580289-2075081f-f25a&#8221;][vc_column_text]<img loading=\"lazy\" class=\"wp-image-2262 alignleft\" src=\"http:\/\/isoplast.ind.br\/16\/wp-content\/uploads\/2016\/04\/aterro_nivelamento_2.jpg\" alt=\"aterro_nivelamento_2\" width=\"330\" height=\"281\" \/><\/p>\n<h6><\/h6>\n<h6><\/h6>\n<h6><\/h6>\n<h6>&#8211; Pilares da ponte<br \/>\n<span title=\"Clique para mostrar tradu\u00e7\u00f5es alternativas\">&#8211;<\/span> Estruturas de conten\u00e7\u00e3o<br \/>\n<span title=\"Clique para mostrar tradu\u00e7\u00f5es alternativas\">&#8211;<\/span> Alargamento de estradas<br \/>\n<span title=\"Clique para mostrar tradu\u00e7\u00f5es alternativas\">&#8211; Protec\u00e7\u00e3o<\/span> de utilidade<br \/>\n<span title=\"Clique para mostrar tradu\u00e7\u00f5es alternativas\">&#8211; Estabiliza\u00e7\u00e3o<\/span> encosta<br \/>\n<span title=\"Clique para mostrar tradu\u00e7\u00f5es alternativas\">&#8211;<\/span> Bermas e terrenos<br \/>\n<span title=\"Clique para mostrar tradu\u00e7\u00f5es alternativas\">&#8211;<\/span> Som barreiras estrada<br \/>\n<span title=\"Clique para mostrar tradu\u00e7\u00f5es alternativas\">&#8211; Plaza<\/span> decks<br \/>\n<span title=\"Clique para mostrar tradu\u00e7\u00f5es alternativas\">&#8211;<\/span> aterros<br \/>\n<span title=\"Clique para mostrar tradu\u00e7\u00f5es alternativas\">&#8211;<\/span> Estrutura de plantadores de estacionamento<\/h6>\n<h6 style=\"text-align: justify;\">As propriedades f\u00edsicas do poliestireno expandido (EPS) devem ser observadas nas suas diferentes composi\u00e7\u00f5es para obter as caracter\u00edsticas requeridas pelo projeto, efetuando-se o dimensionamento em fun\u00e7\u00e3o das cargas solicitantes, do tipo de solo e das caracter\u00edsticas do EPS.<\/h6>\n<h6>Quanto maior a densidade, melhor ser\u00e3o suas propriedades mec\u00e2nicas. Usado para essa finalidade, a densidade do EPS n\u00e3o poder\u00e1 ser inferior a 20 kg\/m\u00b3, pois as resist\u00eancias mec\u00e2nicas e deforma\u00e7\u00f5es n\u00e3o ser\u00e3o compat\u00edveis com as requediras para o uso em geotecnia.<\/h6>\n<h6>Quanto aos esfor\u00e7os horizontais, o coeficiente de atrito entre as faces dos blocos de EPS normalmente \u00e9 de 0,5, por\u00e9m quando necessitamos de uma melhor solidariza\u00e7\u00e3o do maci\u00e7o, utilizamos, nas interfaces dos blocos, chapas dentadas do tipo Gang-Nail para unir os blocos.<\/h6>\n<p style=\"text-align: justify;\"><img loading=\"lazy\" class=\"alignnone wp-image-2263\" src=\"http:\/\/isoplast.ind.br\/16\/wp-content\/uploads\/2016\/04\/aterro_nivelamento_6.jpg\" alt=\"aterro_nivelamento_6\" width=\"400\" height=\"341\" \/><img loading=\"lazy\" class=\"alignnone wp-image-2264\" src=\"http:\/\/isoplast.ind.br\/16\/wp-content\/uploads\/2016\/04\/aterro_nivelamento_7.jpg\" alt=\"aterro_nivelamento_7\" width=\"397\" height=\"342\" \/><\/p>\n<p style=\"text-align: justify;\"><img loading=\"lazy\" class=\"alignnone wp-image-2265\" src=\"http:\/\/isoplast.ind.br\/16\/wp-content\/uploads\/2016\/04\/aterro_nivelamento_8.jpg\" alt=\"aterro_nivelamento_8\" width=\"399\" height=\"340\" \/><img loading=\"lazy\" class=\"alignnone wp-image-2266\" src=\"http:\/\/isoplast.ind.br\/16\/wp-content\/uploads\/2016\/04\/aterro_nivelamento_9.jpg\" alt=\"aterro_nivelamento_9\" width=\"396\" height=\"340\" \/><\/p>\n<p>[\/vc_column_text][\/vc_tta_section][\/vc_tta_accordion][\/vc_column][\/vc_row]<\/p>\n","protected":false},"excerpt":{"rendered":"<p style=\"text-align: justify;\"><strong>Produzimos 02 medidas de blocos:<\/strong><\/p>\n<ul>\n<li style=\"text-align: justify;\"><strong>BLOCO DE 4.000 X\u00a0 1.200 X 1.000 mm<\/strong><br \/>\n<strong>\u00a0&#8211; Densidades: 10, 13, 15, 18 kg\/m\u00b3<\/strong><\/li>\n<li style=\"text-align: justify;\"><strong>BLOCO DE 3.000 X 1.200 X 500 mm<\/strong><br \/>\n<strong>\u00a0&#8211; Densidades: 20, 25 e 30 kg\/m\u00b3<\/strong><\/li>\n<\/ul>\n<p><strong>Obs.: Cortamos qualquer medida dentro das limita\u00e7\u00f5es de nossos blocos.<br \/>\n<\/strong><\/p>\n<hr \/>\n<p><strong><span style=\"color: #000000;\">BAIXE NOSSO CAT\u00c1LOGO E SAIBA MAIS:<\/span><\/strong><\/p>\n<p><a title=\"Clique para baixar\" href=\"http:\/\/isoplast.ind.br\/16\/download\/catalogo_construcao_civil.pdf\" target=\"_blank\" rel=\"noopener\"><img loading=\"lazy\" class=\"alignnone wp-image-1945\" src=\"http:\/\/isoplast.ind.br\/16\/wp-content\/uploads\/2016\/03\/catalogo_construcao_civil-213x300.jpg\" alt=\"catalogo_construcao_civil\" width=\"100\" height=\"141\" srcset=\"http:\/\/isoplast.ind.br\/16\/wp-content\/uploads\/2016\/03\/catalogo_construcao_civil-213x300.jpg 213w, http:\/\/isoplast.ind.br\/16\/wp-content\/uploads\/2016\/03\/catalogo_construcao_civil.jpg 457w\" sizes=\"(max-width: 100px) 100vw, 100px\" \/><\/a><\/p>\n<hr \/>\n<p>[vc_row][vc_column][ultimate_modal modal_title=\"FORMUL\u00c1RIO DE COTA\u00c7\u00c3O:\" btn_bg_color=\"#1e73be\" btn_txt_color=\"#ffffff\" modal_on_align=\"left\" btn_text=\"SOLICITE UMA COTA\u00c7\u00c3O\" modal_size=\"medium\"][contact-form-7 id=\"1057\" title=\"Formul\u00e1rio de contato 1\"][\/ultimate_modal][\/vc_column][\/vc_row]<\/p>\n","protected":false},"featured_media":2258,"comment_status":"open","ping_status":"closed","template":"","meta":[],"yoast_head":"<!-- This site is optimized with the Yoast SEO plugin v15.5 - https:\/\/yoast.com\/wordpress\/plugins\/seo\/ -->\n<title>Blocos EPS(Isopor\u00ae) Recortados - Isoplast Ltda<\/title>\n<meta name=\"robots\" content=\"index, follow, max-snippet:-1, max-image-preview:large, max-video-preview:-1\" \/>\n<link rel=\"canonical\" href=\"https:\/\/isoplast.ind.br\/16\/produto\/blocos-epsisopor-recortados\" \/>\n<meta property=\"og:locale\" content=\"pt_BR\" \/>\n<meta property=\"og:type\" content=\"article\" \/>\n<meta property=\"og:title\" content=\"Blocos EPS(Isopor\u00ae) Recortados - Isoplast Ltda\" \/>\n<meta property=\"og:description\" content=\"Produzimos 02 medidas de blocos:    BLOCO DE 4.000 X\u00a0 1.200 X 1.000 mm \u00a0- Densidades: 10, 13, 15, 18 kg\/m\u00b3  BLOCO DE 3.000 X 1.200 X 500 mm \u00a0- Densidades: 20, 25 e 30 kg\/m\u00b3  Obs.: Cortamos qualquer medida dentro das limita\u00e7\u00f5es de nossos blocos.     BAIXE NOSSO CAT\u00c1LOGO E SAIBA MAIS:      [vc_row][vc_column][\/vc_column][\/vc_row]\" \/>\n<meta property=\"og:url\" content=\"https:\/\/isoplast.ind.br\/16\/produto\/blocos-epsisopor-recortados\" \/>\n<meta property=\"og:site_name\" content=\"Isoplast Ltda\" \/>\n<meta property=\"article:modified_time\" content=\"2021-05-08T15:12:58+00:00\" \/>\n<meta property=\"og:image\" content=\"http:\/\/isoplast.ind.br\/16\/wp-content\/uploads\/2016\/04\/bloco_inteiro_eps.jpg\" \/>\n\t<meta property=\"og:image:width\" content=\"1000\" \/>\n\t<meta property=\"og:image:height\" content=\"997\" \/>\n<meta name=\"twitter:card\" content=\"summary\" \/>\n<meta name=\"twitter:label1\" content=\"Est. reading time\">\n\t<meta name=\"twitter:data1\" content=\"2 minutos\">\n<script type=\"application\/ld+json\" class=\"yoast-schema-graph\">{\"@context\":\"https:\/\/schema.org\",\"@graph\":[{\"@type\":\"WebSite\",\"@id\":\"https:\/\/isoplast.ind.br\/16\/#website\",\"url\":\"https:\/\/isoplast.ind.br\/16\/\",\"name\":\"Isoplast Ltda\",\"description\":\"Tecnologia em EPS!\",\"potentialAction\":[{\"@type\":\"SearchAction\",\"target\":\"https:\/\/isoplast.ind.br\/16\/?s={search_term_string}\",\"query-input\":\"required name=search_term_string\"}],\"inLanguage\":\"pt-BR\"},{\"@type\":\"ImageObject\",\"@id\":\"https:\/\/isoplast.ind.br\/16\/produto\/blocos-epsisopor-recortados#primaryimage\",\"inLanguage\":\"pt-BR\",\"url\":\"http:\/\/isoplast.ind.br\/16\/wp-content\/uploads\/2016\/04\/bloco_inteiro_eps.jpg\",\"width\":1000,\"height\":997},{\"@type\":\"WebPage\",\"@id\":\"https:\/\/isoplast.ind.br\/16\/produto\/blocos-epsisopor-recortados#webpage\",\"url\":\"https:\/\/isoplast.ind.br\/16\/produto\/blocos-epsisopor-recortados\",\"name\":\"Blocos EPS(Isopor\\u00ae) Recortados - Isoplast Ltda\",\"isPartOf\":{\"@id\":\"https:\/\/isoplast.ind.br\/16\/#website\"},\"primaryImageOfPage\":{\"@id\":\"https:\/\/isoplast.ind.br\/16\/produto\/blocos-epsisopor-recortados#primaryimage\"},\"datePublished\":\"2016-04-30T13:22:30+00:00\",\"dateModified\":\"2021-05-08T15:12:58+00:00\",\"inLanguage\":\"pt-BR\",\"potentialAction\":[{\"@type\":\"ReadAction\",\"target\":[\"https:\/\/isoplast.ind.br\/16\/produto\/blocos-epsisopor-recortados\"]}]}]}<\/script>\n<!-- \/ Yoast SEO plugin. -->","_links":{"self":[{"href":"http:\/\/isoplast.ind.br\/16\/wp-json\/wp\/v2\/product\/2256"}],"collection":[{"href":"http:\/\/isoplast.ind.br\/16\/wp-json\/wp\/v2\/product"}],"about":[{"href":"http:\/\/isoplast.ind.br\/16\/wp-json\/wp\/v2\/types\/product"}],"replies":[{"embeddable":true,"href":"http:\/\/isoplast.ind.br\/16\/wp-json\/wp\/v2\/comments?post=2256"}],"wp:featuredmedia":[{"embeddable":true,"href":"http:\/\/isoplast.ind.br\/16\/wp-json\/wp\/v2\/media\/2258"}],"wp:attachment":[{"href":"http:\/\/isoplast.ind.br\/16\/wp-json\/wp\/v2\/media?parent=2256"}],"curies":[{"name":"wp","href":"https:\/\/api.w.org\/{rel}","templated":true}]}}