{"id":2236,"date":"2016-04-30T00:11:32","date_gmt":"2016-04-30T00:11:32","guid":{"rendered":"http:\/\/isoplast.ind.br\/16\/produtos\/eps-para-isolar-dutos-e-tubulacoes\/"},"modified":"2021-05-08T15:12:46","modified_gmt":"2021-05-08T15:12:46","slug":"eps-para-isolar-dutos-e-tubulacoes","status":"publish","type":"product","link":"http:\/\/isoplast.ind.br\/16\/produto\/eps-para-isolar-dutos-e-tubulacoes","title":{"rendered":"EPS para Isolar Dutos e Tubula\u00e7\u00f5es"},"content":{"rendered":"<p>[vc_row css=&#8221;.vc_custom_1461374660102{margin-bottom: 10px !important;}&#8221;][vc_column][vc_custom_heading text=&#8221;CONHE\u00c7A UM POUCO MAIS SOBRE AS PLACAS EPS (Isopor\u00ae) PARA ISOLAMENTO DE DUTOS DE AR-CONDICIONADO E CALHAS EPS (Isopor\u00ae) PARA ISOLAMENTO DE TUBULA\u00c7\u00d5ES&#8221;][\/vc_column][\/vc_row][vc_row css=&#8221;.vc_custom_1460299448665{margin-bottom: 40px !important;}&#8221;][vc_column][vc_column_text]<img loading=\"lazy\" class=\"alignnone size-full wp-image-2253\" src=\"http:\/\/isoplast.ind.br\/16\/wp-content\/uploads\/2016\/04\/calhas_isopor_01.jpg\" alt=\"calhas_isopor_01\" width=\"310\" height=\"233\" srcset=\"http:\/\/isoplast.ind.br\/16\/wp-content\/uploads\/2016\/04\/calhas_isopor_01.jpg 310w, http:\/\/isoplast.ind.br\/16\/wp-content\/uploads\/2016\/04\/calhas_isopor_01-300x225.jpg 300w\" sizes=\"(max-width: 310px) 100vw, 310px\" \/>\u00a0\u00a0\u00a0\u00a0 <img loading=\"lazy\" class=\"alignnone wp-image-2254\" src=\"http:\/\/isoplast.ind.br\/16\/wp-content\/uploads\/2016\/04\/placas_duto_01.jpg\" alt=\"placas_duto_01\" width=\"312\" height=\"233\" srcset=\"http:\/\/isoplast.ind.br\/16\/wp-content\/uploads\/2016\/04\/placas_duto_01.jpg 311w, http:\/\/isoplast.ind.br\/16\/wp-content\/uploads\/2016\/04\/placas_duto_01-300x224.jpg 300w\" sizes=\"(max-width: 312px) 100vw, 312px\" \/>[\/vc_column_text][\/vc_column][\/vc_row][vc_row css=&#8221;.vc_custom_1460242056107{margin-bottom: 40px !important;}&#8221;][vc_column][vc_tta_accordion][vc_tta_section title=&#8221;ISOLAMENTO T\u00c9RMICO DE DUTOS DE AR CONDICIONADOS&#8221; tab_id=&#8221;1461271099901-0487d4c3-44b8&#8243;][vc_column_text]<\/p>\n<p style=\"text-align: justify;\">Os dutos em chapa galvanizada para a condu\u00e7\u00e3o de ar condicionado s\u00e3o isolados termicamente para manter a temperatura do ar at\u00e9 a sa\u00edda pelos difusores, chegando aos ambientes com temperatura e umidade adequadas. O isolamento dos dutos evita ainda a condensa\u00e7\u00e3o do vapor d&#8217;\u00e1gua na face externa, que ocorre devido ao diferencial de temperatura ali existente, e que provoca o gotejamento e a oxida\u00e7\u00e3o do duto.<\/p>\n<p style=\"text-align: justify;\">O material de isolamento para dutos de ar condicionado deve ser escolhido por suas qualidades e pelo custo final. Sob esse aspecto, o EPS classe F(retardante \u00e0 chama) est\u00e1 bem situado. Sua estrutura resistente e imperme\u00e1vel, a facilidade de manipula\u00e7\u00e3o e corte, al\u00e9m do baixo coeficiente de condutividade t\u00e9rmica d\u00e3o vantagens significativas ao aplicador e ao usu\u00e1rio.<\/p>\n<p><img loading=\"lazy\" class=\"alignnone wp-image-2237\" src=\"http:\/\/isoplast.ind.br\/16\/wp-content\/uploads\/2016\/04\/duto_eps.jpg\" alt=\"duto_eps\" width=\"330\" height=\"248\" \/>\u00a0\u00a0\u00a0\u00a0\u00a0 <img loading=\"lazy\" class=\"alignnone wp-image-2238\" src=\"http:\/\/isoplast.ind.br\/16\/wp-content\/uploads\/2016\/04\/duto_eps_foto.jpg\" alt=\"duto_eps_foto\" width=\"330\" height=\"248\" \/>\u00a0\u00a0\u00a0\u00a0\u00a0 <img loading=\"lazy\" class=\"alignnone wp-image-2239\" src=\"http:\/\/isoplast.ind.br\/16\/wp-content\/uploads\/2016\/04\/dutos2_g.jpg\" alt=\"dutos2_g\" width=\"330\" height=\"248\" srcset=\"http:\/\/isoplast.ind.br\/16\/wp-content\/uploads\/2016\/04\/dutos2_g.jpg 653w, http:\/\/isoplast.ind.br\/16\/wp-content\/uploads\/2016\/04\/dutos2_g-570x428.jpg 570w, http:\/\/isoplast.ind.br\/16\/wp-content\/uploads\/2016\/04\/dutos2_g-300x225.jpg 300w\" sizes=\"(max-width: 330px) 100vw, 330px\" \/><\/p>\n<p style=\"text-align: justify;\">Usam-se placas de EPS classe F com espessuras de 10 a 50mm, dependendo da posi\u00e7\u00e3o do duto em rela\u00e7\u00e3o ao edif\u00edcio. Exemplo: se o duto \u00e9 instalado em um forro falso, o diferencial de temperatura a ser isolado \u00e9 baixo, da\u00ed a redu\u00e7\u00e3o da espessura do isolamento. A coloca\u00e7\u00e3o deve ser bem ajustada sobre os dutos, sem ressaltos ou vazios, e as juntas vedadas com asfalto frio. As arestas devem ser protegidas por cantoneiras de chapa galvanizada #24, fixadas com fitas de pl\u00e1stico iguais \u00e0s de embalagens.<\/p>\n<p>[\/vc_column_text][\/vc_tta_section][vc_tta_section title=&#8221;ISOLAMENTO T\u00c9RMICO DE TUBULA\u00c7\u00d5ES E RESERVAT\u00d3RIOS&#8221; tab_id=&#8221;1460241580289-2075081f-f25a&#8221;][vc_column_text]<\/p>\n<p style=\"text-align: justify;\">Seja nas instala\u00e7\u00f5es de \u00e1gua gelada para ar condicionado ou at\u00e9 salmoura a temperaturas de subzero, seja para outros tipos de baixas temperaturas, o EPS pode ser usado com tranquilidade de -70\u00ba a +70\u00ba Celsius.<\/p>\n<p style=\"text-align: justify;\">Os cuidados para esse tipo de isolamento s\u00e3o sempre os mesmos: uma boa impermeabiliza\u00e7\u00e3o com barreira de vapor para impedir a penetra\u00e7\u00e3o de umidade que venha prejudicar ou at\u00e9 destruir o isolamento. Quanto mais frio o conte\u00fado, mais denso deve ser o isolamento com placas ou canaletas de EPS. Especifica-se classe F(retardante a chamas). Pode-se usar a tabela de espessuras no cat\u00e1logo da constru\u00e7\u00e3o civil Isoplast (P\u00e1gina 07) , mas os aplicadores sempre calculam de acordo com os dados fornecidos pelo cliente.<\/p>\n<p><img loading=\"lazy\" class=\"wp-image-2240 alignnone\" src=\"http:\/\/isoplast.ind.br\/16\/wp-content\/uploads\/2016\/04\/calha_eps.jpg\" alt=\"calha_eps\" width=\"296\" height=\"222\" \/>\u00a0\u00a0\u00a0\u00a0 <img loading=\"lazy\" class=\"alignnone wp-image-2243\" src=\"http:\/\/isoplast.ind.br\/16\/wp-content\/uploads\/2016\/04\/calha_eps_foto.jpg\" alt=\"calha_eps_foto\" width=\"294\" height=\"221\" \/>[\/vc_column_text][\/vc_tta_section][\/vc_tta_accordion][\/vc_column][\/vc_row]<\/p>\n","protected":false},"excerpt":{"rendered":"<p><strong>Medidas Placas para Dutos de Ar Condicionado:<br \/>\n&#8211; 1000 x 500 x (espe.)\u00a0 mm<br \/>\nEspessuras:<br \/>\n&#8211; 10, 15, 20, 30 mm (Outras espessuras e medidas sob encomenda)<br \/>\nMaterial:<br \/>\n&#8211; Classe &#8220;F&#8221;<br \/>\n&#8211; Densidade =~10kg\/m\u00b3<br \/>\n<\/strong><\/p>\n<p><strong>Medidas Calhas EPS para Isolamento de Tubula\u00e7\u00f5es:<br \/>\n&#8211; Consultar Cat\u00e1logo e verificar medidas<br \/>\nMaterial:<br \/>\n&#8211; Classe &#8220;F&#8221;<br \/>\n&#8211; Densidade =~10kg\/m\u00b3<\/strong><\/p>\n<p>&nbsp;<\/p>\n<hr \/>\n<p><strong><span style=\"color: #000000;\">BAIXE NOSSO CAT\u00c1LOGO E SAIBA MAIS:<\/span><\/strong><\/p>\n<p><a title=\"Clique para baixar\" href=\"http:\/\/isoplast.ind.br\/16\/download\/catalogo_construcao_civil.pdf\" target=\"_blank\" rel=\"noopener\"><img loading=\"lazy\" class=\"alignnone wp-image-1945\" src=\"http:\/\/isoplast.ind.br\/16\/wp-content\/uploads\/2016\/03\/catalogo_construcao_civil-213x300.jpg\" alt=\"catalogo_construcao_civil\" width=\"100\" height=\"141\" srcset=\"http:\/\/isoplast.ind.br\/16\/wp-content\/uploads\/2016\/03\/catalogo_construcao_civil-213x300.jpg 213w, http:\/\/isoplast.ind.br\/16\/wp-content\/uploads\/2016\/03\/catalogo_construcao_civil.jpg 457w\" sizes=\"(max-width: 100px) 100vw, 100px\" \/><\/a><\/p>\n<hr \/>\n<p>[vc_row][vc_column][ultimate_modal modal_title=\"FORMUL\u00c1RIO DE COTA\u00c7\u00c3O:\" btn_bg_color=\"#1e73be\" btn_txt_color=\"#ffffff\" modal_on_align=\"left\" btn_text=\"SOLICITE UMA COTA\u00c7\u00c3O\" modal_size=\"medium\"][contact-form-7 id=\"1057\" title=\"Formul\u00e1rio de contato 1\"][\/ultimate_modal][\/vc_column][\/vc_row]<\/p>\n","protected":false},"featured_media":2253,"comment_status":"open","ping_status":"closed","template":"","meta":[],"yoast_head":"<!-- This site is optimized with the Yoast SEO plugin v15.5 - https:\/\/yoast.com\/wordpress\/plugins\/seo\/ -->\n<title>EPS para Isolar Dutos e Tubula\u00e7\u00f5es - Isoplast Ltda<\/title>\n<meta name=\"robots\" content=\"index, follow, max-snippet:-1, max-image-preview:large, max-video-preview:-1\" \/>\n<link rel=\"canonical\" href=\"http:\/\/isoplast.ind.br\/16\/produto\/eps-para-isolar-dutos-e-tubulacoes\" \/>\n<meta property=\"og:locale\" content=\"pt_BR\" \/>\n<meta property=\"og:type\" content=\"article\" \/>\n<meta property=\"og:title\" content=\"EPS para Isolar Dutos e Tubula\u00e7\u00f5es - Isoplast Ltda\" \/>\n<meta property=\"og:description\" content=\"Medidas Placas para Dutos de Ar Condicionado: - 1000 x 500 x (espe.)\u00a0 mm Espessuras: - 10, 15, 20, 30 mm (Outras espessuras e medidas sob encomenda) Material: - Classe &quot;F&quot; - Densidade =~10kg\/m\u00b3   Medidas Calhas EPS para Isolamento de Tubula\u00e7\u00f5es: - Consultar Cat\u00e1logo e verificar medidas Material: - Classe &quot;F&quot; - Densidade =~10kg\/m\u00b3  &nbsp;    BAIXE NOSSO CAT\u00c1LOGO E SAIBA MAIS:      [vc_row][vc_column][\/vc_column][\/vc_row]\" \/>\n<meta property=\"og:url\" content=\"http:\/\/isoplast.ind.br\/16\/produto\/eps-para-isolar-dutos-e-tubulacoes\" \/>\n<meta property=\"og:site_name\" content=\"Isoplast Ltda\" \/>\n<meta property=\"article:modified_time\" content=\"2021-05-08T15:12:46+00:00\" \/>\n<meta property=\"og:image\" content=\"http:\/\/isoplast.ind.br\/16\/wp-content\/uploads\/2016\/04\/calhas_isopor_01.jpg\" \/>\n\t<meta property=\"og:image:width\" content=\"310\" \/>\n\t<meta property=\"og:image:height\" content=\"233\" \/>\n<meta name=\"twitter:card\" content=\"summary\" \/>\n<meta name=\"twitter:label1\" content=\"Est. reading time\">\n\t<meta name=\"twitter:data1\" content=\"2 minutos\">\n<script type=\"application\/ld+json\" class=\"yoast-schema-graph\">{\"@context\":\"https:\/\/schema.org\",\"@graph\":[{\"@type\":\"WebSite\",\"@id\":\"https:\/\/isoplast.ind.br\/16\/#website\",\"url\":\"https:\/\/isoplast.ind.br\/16\/\",\"name\":\"Isoplast Ltda\",\"description\":\"Tecnologia em EPS!\",\"potentialAction\":[{\"@type\":\"SearchAction\",\"target\":\"https:\/\/isoplast.ind.br\/16\/?s={search_term_string}\",\"query-input\":\"required name=search_term_string\"}],\"inLanguage\":\"pt-BR\"},{\"@type\":\"ImageObject\",\"@id\":\"http:\/\/isoplast.ind.br\/16\/produto\/eps-para-isolar-dutos-e-tubulacoes#primaryimage\",\"inLanguage\":\"pt-BR\",\"url\":\"http:\/\/isoplast.ind.br\/16\/wp-content\/uploads\/2016\/04\/calhas_isopor_01.jpg\",\"width\":310,\"height\":233},{\"@type\":\"WebPage\",\"@id\":\"http:\/\/isoplast.ind.br\/16\/produto\/eps-para-isolar-dutos-e-tubulacoes#webpage\",\"url\":\"http:\/\/isoplast.ind.br\/16\/produto\/eps-para-isolar-dutos-e-tubulacoes\",\"name\":\"EPS para Isolar Dutos e Tubula\\u00e7\\u00f5es - Isoplast Ltda\",\"isPartOf\":{\"@id\":\"https:\/\/isoplast.ind.br\/16\/#website\"},\"primaryImageOfPage\":{\"@id\":\"http:\/\/isoplast.ind.br\/16\/produto\/eps-para-isolar-dutos-e-tubulacoes#primaryimage\"},\"datePublished\":\"2016-04-30T00:11:32+00:00\",\"dateModified\":\"2021-05-08T15:12:46+00:00\",\"inLanguage\":\"pt-BR\",\"potentialAction\":[{\"@type\":\"ReadAction\",\"target\":[\"http:\/\/isoplast.ind.br\/16\/produto\/eps-para-isolar-dutos-e-tubulacoes\"]}]}]}<\/script>\n<!-- \/ Yoast SEO plugin. -->","_links":{"self":[{"href":"http:\/\/isoplast.ind.br\/16\/wp-json\/wp\/v2\/product\/2236"}],"collection":[{"href":"http:\/\/isoplast.ind.br\/16\/wp-json\/wp\/v2\/product"}],"about":[{"href":"http:\/\/isoplast.ind.br\/16\/wp-json\/wp\/v2\/types\/product"}],"replies":[{"embeddable":true,"href":"http:\/\/isoplast.ind.br\/16\/wp-json\/wp\/v2\/comments?post=2236"}],"wp:featuredmedia":[{"embeddable":true,"href":"http:\/\/isoplast.ind.br\/16\/wp-json\/wp\/v2\/media\/2253"}],"wp:attachment":[{"href":"http:\/\/isoplast.ind.br\/16\/wp-json\/wp\/v2\/media?parent=2236"}],"curies":[{"name":"wp","href":"https:\/\/api.w.org\/{rel}","templated":true}]}}