{"id":2191,"date":"2016-04-22T23:31:25","date_gmt":"2016-04-22T23:31:25","guid":{"rendered":"http:\/\/isoplast.ind.br\/16\/produtos\/placas-eps-isopor\/"},"modified":"2021-05-08T15:11:43","modified_gmt":"2021-05-08T15:11:43","slug":"placas-eps-isopor","status":"publish","type":"product","link":"http:\/\/isoplast.ind.br\/16\/produto\/placas-eps-isopor","title":{"rendered":"Placas EPS Isolantes t\u00e9rmicas"},"content":{"rendered":"<p>[vc_row css=&#8221;.vc_custom_1461374660102{margin-bottom: 10px !important;}&#8221;][vc_column][vc_custom_heading text=&#8221;CONHE\u00c7A UM POUCO MAIS SOBRE AS PLACAS EPS (Isopor\u00ae) PARA ISOLAMENTO T\u00c9RMICO E JUNTAS DE DILATA\u00c7\u00c3O&#8221;][\/vc_column][\/vc_row][vc_row css=&#8221;.vc_custom_1460299448665{margin-bottom: 40px !important;}&#8221;][vc_column][vc_column_text]<img loading=\"lazy\" class=\"alignnone wp-image-2201\" src=\"http:\/\/isoplast.ind.br\/16\/wp-content\/uploads\/2016\/04\/7fcb75cb4a.jpg\" alt=\"7fcb75cb4a\" width=\"364\" height=\"182\" srcset=\"http:\/\/isoplast.ind.br\/16\/wp-content\/uploads\/2016\/04\/7fcb75cb4a.jpg 440w, http:\/\/isoplast.ind.br\/16\/wp-content\/uploads\/2016\/04\/7fcb75cb4a-300x150.jpg 300w\" sizes=\"(max-width: 364px) 100vw, 364px\" \/>\u00a0\u00a0\u00a0\u00a0\u00a0 <img loading=\"lazy\" class=\"alignnone size-full wp-image-2203\" src=\"http:\/\/isoplast.ind.br\/16\/wp-content\/uploads\/2016\/04\/images.jpg\" alt=\"images\" width=\"275\" height=\"183\" \/>\u00a0\u00a0\u00a0\u00a0\u00a0 <img loading=\"lazy\" class=\"alignnone wp-image-2202\" src=\"http:\/\/isoplast.ind.br\/16\/wp-content\/uploads\/2016\/04\/etics_01.jpg\" alt=\"etics_01\" width=\"243\" height=\"182\" srcset=\"http:\/\/isoplast.ind.br\/16\/wp-content\/uploads\/2016\/04\/etics_01.jpg 640w, http:\/\/isoplast.ind.br\/16\/wp-content\/uploads\/2016\/04\/etics_01-570x428.jpg 570w, http:\/\/isoplast.ind.br\/16\/wp-content\/uploads\/2016\/04\/etics_01-300x225.jpg 300w\" sizes=\"(max-width: 243px) 100vw, 243px\" \/>[\/vc_column_text][\/vc_column][\/vc_row][vc_row css=&#8221;.vc_custom_1460242056107{margin-bottom: 40px !important;}&#8221;][vc_column][vc_tta_accordion][vc_tta_section title=&#8221;ISOLAMENTO T\u00c9RMICO DE PAREDES EXTERNAS E INTERNAS&#8221; tab_id=&#8221;1461271099901-0487d4c3-44b8&#8243;][vc_column_text]<img loading=\"lazy\" class=\"alignnone size-full wp-image-2194\" src=\"http:\/\/isoplast.ind.br\/16\/wp-content\/uploads\/2016\/04\/isolamento_externo_parede_eps1.jpg\" alt=\"isolamento_externo_parede_eps1\" width=\"270\" height=\"230\" \/>\u00a0\u00a0\u00a0\u00a0\u00a0 <img loading=\"lazy\" class=\"alignnone size-full wp-image-2195\" src=\"http:\/\/isoplast.ind.br\/16\/wp-content\/uploads\/2016\/04\/isolamento_externo_parede_eps2.jpg\" alt=\"isolamento_externo_parede_eps2\" width=\"270\" height=\"230\" \/><\/p>\n<p style=\"text-align: justify;\">O isolamento das paredes externas \u00e9 o mais eficiente, porque suprime as pontes t\u00e9rmicas, reduz os movimentos diferenciais de origem t\u00e9rmica das estruturas e aumenta a in\u00e9rcia t\u00e9rmica do edif\u00edcio. O isolante fica sujeito \u00e0s solicita\u00e7\u00f5es hidrot\u00e9rmica, mas o EPS, deste ponto de vista, \u00e9 um dos materiais mais qualificados e geralmente a \u00fanica escolha poss\u00edvel, por ser hidr\u00f3fobo.<\/p>\n<p style=\"text-align: justify;\">Como foi dito anteriormente, h\u00e1 casos em que a irradia\u00e7\u00e3o do sol poente chega a aquecer as paredes voltadas para oeste, transformando-as numa bateria que acumula calor. Ao anoitecer, elas irradiam o calor para dentro de casa. Em locais muito frios, se d\u00e1 o contr\u00e1rio: as paredes se resfriam \u00e0 noite, roubando o calor do interior das casas. Para ambos os casos a solu\u00e7\u00e3o \u00e9 isolar externamente as paredes afetadas.<\/p>\n<p><img loading=\"lazy\" class=\"alignnone size-full wp-image-2196\" src=\"http:\/\/isoplast.ind.br\/16\/wp-content\/uploads\/2016\/04\/isolamento_externo_parede_eps_foto1.jpg\" alt=\"isolamento_externo_parede_eps_foto1\" width=\"270\" height=\"230\" \/>\u00a0\u00a0\u00a0\u00a0\u00a0 <img loading=\"lazy\" class=\"alignnone size-full wp-image-2197\" src=\"http:\/\/isoplast.ind.br\/16\/wp-content\/uploads\/2016\/04\/isolamento_externo_parede_eps_foto2.jpg\" alt=\"isolamento_externo_parede_eps_foto2\" width=\"270\" height=\"230\" \/><\/p>\n<p style=\"text-align: justify;\">O sistema mais comum de isolamento \u00e9 com revestimento de argamassa sobre placas isolantes, e o melhor material para esse isolamento s\u00e3o as placas de EPS. Usa-se o tipo F (Densidade=~15kg\/m\u00b3) retardante \u00e0 chama, em placas que s\u00e3o fixadas sobre o embo\u00e7o externo das paredes. Sobre elas \u00e9 aplicada uma tela de arame galvanizado ou poli\u00e9ster, que vai receber a argamassa de acabamento. Essa argamassa deve ser pintada com tinta resistente \u00e0 \u00e1gua, para impedir a infiltra\u00e7\u00e3o da chuva, e se poss\u00edvel de cor clara, para reduzir a absor\u00e7\u00e3o de calor, pois ambos &#8211; chuva e calor &#8211; prejudicam o revestimento e o isolamento.<\/p>\n<p style=\"text-align: justify;\"><img loading=\"lazy\" class=\" wp-image-2198 alignnone\" src=\"http:\/\/isoplast.ind.br\/16\/wp-content\/uploads\/2016\/04\/isolamento_interno_parede_eps.jpg\" alt=\"isolamento_interno_parede_eps\" width=\"296\" height=\"253\" \/>\u00a0\u00a0\u00a0\u00a0\u00a0 <img loading=\"lazy\" class=\"alignnone size-full wp-image-2199\" src=\"http:\/\/isoplast.ind.br\/16\/wp-content\/uploads\/2016\/04\/isolamento_interno_parede_eps_foto3.jpg\" alt=\"isolamento_interno_parede_eps_foto3\" width=\"270\" height=\"230\" \/>\u00a0\u00a0\u00a0\u00a0\u00a0 <img loading=\"lazy\" class=\"alignnone size-full wp-image-2200\" src=\"http:\/\/isoplast.ind.br\/16\/wp-content\/uploads\/2016\/04\/isolamento_interno_parede_eps_foto4.jpg\" alt=\"isolamento_interno_parede_eps_foto4\" width=\"270\" height=\"230\" \/><br \/>\nNo caso de edif\u00edcios existentes, pode-se colocar o isolamento internamente \u00e0s paredes, que perdem a in\u00e9rcia t\u00e9rmica, mas fazem uma r\u00e1pida adapta\u00e7\u00e3o de temperatura do ambiente. Nesse caso, pode-se aplicar as placas de gesso sobre o isolamento, fazendo uma obra seca, limpa e econ\u00f4mica.<\/p>\n<p>[\/vc_column_text][\/vc_tta_section][vc_tta_section title=&#8221;JUNTAS DE DILATA\u00c7\u00c3O&#8221; tab_id=&#8221;1460241580289-2075081f-f25a&#8221;][vc_column_text]<\/p>\n<p style=\"text-align: justify;\"><img loading=\"lazy\" class=\"size-full wp-image-2204 alignleft\" src=\"http:\/\/isoplast.ind.br\/16\/wp-content\/uploads\/2016\/04\/junta_dilatacao.jpg\" alt=\"junta_dilatacao\" width=\"270\" height=\"230\" \/>Toda estrutura de concreto com mais de 35 metros de extens\u00e3o deve ter juntas de dilata\u00e7\u00e3o. A execu\u00e7\u00e3o dessas juntas fica facilitada se o material que se usar for dur\u00e1vel e el\u00e1stico para poder permanecer no local ap\u00f3s a concretagem. Nada se aplica melhor para isso que o EPS. El\u00e1stico por\u00e9m resistente, dur\u00e1vel, n\u00e3o absorve \u00e1gua e de baixo custo, \u00e9 o material ideal para essa finalidade.<\/p>\n<p><em>Ao se concretar uma estrutura com junta de dilata\u00e7\u00e3o, o primeiro lance a ser concretado utiliza formas convencionais. Ao se concretar o segundo lance, usam-se placas de EPS como forma entre as partes.<\/em><\/p>\n<p>[\/vc_column_text][\/vc_tta_section][\/vc_tta_accordion][\/vc_column][\/vc_row]<\/p>\n","protected":false},"excerpt":{"rendered":"<p style=\"text-align: justify;\">As Placas EPS (Isopor\u00ae) ISOPLAST s\u00e3o utilizadas em isolamento t\u00e9rmico de paredes, lajes e juntas de dilata\u00e7\u00e3o.<\/p>\n<p style=\"text-align: justify;\"><strong>Medidas indicadas para Isolamento T\u00e9rmico de Paredes e Lajes:<\/strong><\/p>\n<p style=\"text-align: justify;\"><em>\u00a0&#8211; Placa de 1000 x 500 x 50mm (Material &#8220;F&#8221; Densidade =~15kg\/m\u00b3)<\/em><br \/>\n<em>\u00a0&#8211; Placa de 1000 x 500 x 100mm (Material &#8220;F&#8221; Densidade =~15kg\/m\u00b3)<\/em><\/p>\n<p style=\"text-align: justify;\"><strong>Medidas indicadas para juntas de Dilata\u00e7\u00e3o:<\/strong><br \/>\n<em>&#8211; Placa de 1000 x 500 x 10mm (Material &#8220;P&#8221; Densidade =~10kg\/m\u00b3)<\/em><br \/>\n<em>\u00a0&#8211; Placa de 1000 x 500 x 15mm (Material &#8220;P&#8221; Densidade =~10kg\/m\u00b3)<\/em><br \/>\n<em>\u00a0&#8211; Placa de 1000 x 500 x 20mm (Material &#8220;P&#8221; Densidade =~10kg\/m\u00b3)<\/em><\/p>\n<hr \/>\n<p><strong><span style=\"color: #000000;\">BAIXE NOSSO CAT\u00c1LOGO E SAIBA MAIS:<\/span><\/strong><\/p>\n<p><a title=\"Clique para baixar\" href=\"http:\/\/isoplast.ind.br\/16\/download\/catalogo_construcao_civil.pdf\" target=\"_blank\" rel=\"noopener\"><img loading=\"lazy\" class=\"alignnone wp-image-1945\" src=\"http:\/\/isoplast.ind.br\/16\/wp-content\/uploads\/2016\/03\/catalogo_construcao_civil-213x300.jpg\" alt=\"catalogo_construcao_civil\" width=\"100\" height=\"141\" srcset=\"http:\/\/isoplast.ind.br\/16\/wp-content\/uploads\/2016\/03\/catalogo_construcao_civil-213x300.jpg 213w, http:\/\/isoplast.ind.br\/16\/wp-content\/uploads\/2016\/03\/catalogo_construcao_civil.jpg 457w\" sizes=\"(max-width: 100px) 100vw, 100px\" \/><\/a><\/p>\n<hr \/>\n<p>[vc_row][vc_column][ultimate_modal modal_title=\"FORMUL\u00c1RIO DE COTA\u00c7\u00c3O:\" btn_bg_color=\"#1e73be\" btn_txt_color=\"#ffffff\" modal_on_align=\"left\" btn_text=\"SOLICITE UMA COTA\u00c7\u00c3O\" modal_size=\"medium\"][contact-form-7 id=\"1057\" title=\"Formul\u00e1rio de contato 1\"][\/ultimate_modal][\/vc_column][\/vc_row]<\/p>\n","protected":false},"featured_media":2211,"comment_status":"open","ping_status":"closed","template":"","meta":[],"yoast_head":"<!-- This site is optimized with the Yoast SEO plugin v15.5 - https:\/\/yoast.com\/wordpress\/plugins\/seo\/ -->\n<title>Placas EPS Isolantes t\u00e9rmicas - Isoplast Ltda<\/title>\n<meta name=\"robots\" content=\"index, follow, max-snippet:-1, max-image-preview:large, max-video-preview:-1\" \/>\n<link rel=\"canonical\" href=\"https:\/\/isoplast.ind.br\/16\/produto\/placas-eps-isopor\" \/>\n<meta property=\"og:locale\" content=\"pt_BR\" \/>\n<meta property=\"og:type\" content=\"article\" \/>\n<meta property=\"og:title\" content=\"Placas EPS Isolantes t\u00e9rmicas - Isoplast Ltda\" \/>\n<meta property=\"og:description\" content=\"As Placas EPS (Isopor\u00ae) ISOPLAST s\u00e3o utilizadas em isolamento t\u00e9rmico de paredes, lajes e juntas de dilata\u00e7\u00e3o. Medidas indicadas para Isolamento T\u00e9rmico de Paredes e Lajes: \u00a0- Placa de 1000 x 500 x 50mm (Material &quot;F&quot; Densidade =~15kg\/m\u00b3) \u00a0- Placa de 1000 x 500 x 100mm (Material &quot;F&quot; Densidade =~15kg\/m\u00b3) Medidas indicadas para juntas de Dilata\u00e7\u00e3o: - Placa de 1000 x 500 x 10mm (Material &quot;P&quot; Densidade =~10kg\/m\u00b3) \u00a0- Placa de 1000 x 500 x 15mm (Material &quot;P&quot; Densidade =~10kg\/m\u00b3) \u00a0- Placa de 1000 x 500 x 20mm (Material &quot;P&quot; Densidade =~10kg\/m\u00b3)     BAIXE NOSSO CAT\u00c1LOGO E SAIBA MAIS:      [vc_row][vc_column][\/vc_column][\/vc_row]\" \/>\n<meta property=\"og:url\" content=\"https:\/\/isoplast.ind.br\/16\/produto\/placas-eps-isopor\" \/>\n<meta property=\"og:site_name\" content=\"Isoplast Ltda\" \/>\n<meta property=\"article:modified_time\" content=\"2021-05-08T15:11:43+00:00\" \/>\n<meta property=\"og:image\" content=\"http:\/\/isoplast.ind.br\/16\/wp-content\/uploads\/2016\/04\/placas_isolamento_termico.jpg\" \/>\n\t<meta property=\"og:image:width\" content=\"1000\" \/>\n\t<meta property=\"og:image:height\" content=\"997\" \/>\n<meta name=\"twitter:card\" content=\"summary\" \/>\n<meta name=\"twitter:label1\" content=\"Est. reading time\">\n\t<meta name=\"twitter:data1\" content=\"2 minutos\">\n<script type=\"application\/ld+json\" class=\"yoast-schema-graph\">{\"@context\":\"https:\/\/schema.org\",\"@graph\":[{\"@type\":\"WebSite\",\"@id\":\"https:\/\/isoplast.ind.br\/16\/#website\",\"url\":\"https:\/\/isoplast.ind.br\/16\/\",\"name\":\"Isoplast Ltda\",\"description\":\"Tecnologia em EPS!\",\"potentialAction\":[{\"@type\":\"SearchAction\",\"target\":\"https:\/\/isoplast.ind.br\/16\/?s={search_term_string}\",\"query-input\":\"required name=search_term_string\"}],\"inLanguage\":\"pt-BR\"},{\"@type\":\"ImageObject\",\"@id\":\"https:\/\/isoplast.ind.br\/16\/produto\/placas-eps-isopor#primaryimage\",\"inLanguage\":\"pt-BR\",\"url\":\"http:\/\/isoplast.ind.br\/16\/wp-content\/uploads\/2016\/04\/placas_isolamento_termico.jpg\",\"width\":1000,\"height\":997},{\"@type\":\"WebPage\",\"@id\":\"https:\/\/isoplast.ind.br\/16\/produto\/placas-eps-isopor#webpage\",\"url\":\"https:\/\/isoplast.ind.br\/16\/produto\/placas-eps-isopor\",\"name\":\"Placas EPS Isolantes t\\u00e9rmicas - Isoplast Ltda\",\"isPartOf\":{\"@id\":\"https:\/\/isoplast.ind.br\/16\/#website\"},\"primaryImageOfPage\":{\"@id\":\"https:\/\/isoplast.ind.br\/16\/produto\/placas-eps-isopor#primaryimage\"},\"datePublished\":\"2016-04-22T23:31:25+00:00\",\"dateModified\":\"2021-05-08T15:11:43+00:00\",\"inLanguage\":\"pt-BR\",\"potentialAction\":[{\"@type\":\"ReadAction\",\"target\":[\"https:\/\/isoplast.ind.br\/16\/produto\/placas-eps-isopor\"]}]}]}<\/script>\n<!-- \/ Yoast SEO plugin. -->","_links":{"self":[{"href":"http:\/\/isoplast.ind.br\/16\/wp-json\/wp\/v2\/product\/2191"}],"collection":[{"href":"http:\/\/isoplast.ind.br\/16\/wp-json\/wp\/v2\/product"}],"about":[{"href":"http:\/\/isoplast.ind.br\/16\/wp-json\/wp\/v2\/types\/product"}],"replies":[{"embeddable":true,"href":"http:\/\/isoplast.ind.br\/16\/wp-json\/wp\/v2\/comments?post=2191"}],"wp:featuredmedia":[{"embeddable":true,"href":"http:\/\/isoplast.ind.br\/16\/wp-json\/wp\/v2\/media\/2211"}],"wp:attachment":[{"href":"http:\/\/isoplast.ind.br\/16\/wp-json\/wp\/v2\/media?parent=2191"}],"curies":[{"name":"wp","href":"https:\/\/api.w.org\/{rel}","templated":true}]}}