{"id":1707,"date":"2016-01-12T00:35:37","date_gmt":"2016-01-12T00:35:37","guid":{"rendered":"http:\/\/isoplast.ind.br\/16\/produto\/caixa-termica-42l-com-alca\/"},"modified":"2021-05-08T15:03:32","modified_gmt":"2021-05-08T15:03:32","slug":"caixa-termica-42l-com-alca","status":"publish","type":"product","link":"http:\/\/isoplast.ind.br\/16\/produto\/caixa-termica-42l-com-alca","title":{"rendered":"Caixa T\u00e9rmica 42L com al\u00e7a"},"content":{"rendered":"<h4><strong>Baixe nosso Cat\u00e1logo completo da linha Utilit\u00e1rios de Consumo.<\/strong><\/h4>\n<p><img loading=\"lazy\" class=\"alignnone wp-image-1949\" src=\"http:\/\/isoplast.ind.br\/16\/wp-content\/uploads\/2016\/03\/cat_embalagens_de_consumo_mini-213x300.jpg\" alt=\"cat_embalagens_de_consumo_mini\" width=\"292\" height=\"412\" srcset=\"http:\/\/isoplast.ind.br\/16\/wp-content\/uploads\/2016\/03\/cat_embalagens_de_consumo_mini-213x300.jpg 213w, http:\/\/isoplast.ind.br\/16\/wp-content\/uploads\/2016\/03\/cat_embalagens_de_consumo_mini.jpg 437w\" sizes=\"(max-width: 292px) 100vw, 292px\" \/><\/p>\n<div class='w3eden'><!-- WPDM Link Template: Default Template -->\n\n\n<div class=\"link-template-default card mb-2\">\n    <div class=\"card-body\">\n        <div class=\"media stack-xs\">\n            <div class=\"media-body\">\n                <div class=\"media\">\n                    <div class=\"mr-3 img-48\"><img class=\"wpdm_icon\" alt=\"Icon\"   src=\"http:\/\/isoplast.ind.br\/16\/wp-content\/plugins\/download-manager\/assets\/file-type-icons\/pdf.png\" \/><\/div>\n                    <div class=\"media-body\">\n                        <h3 class=\"package-title\"><a href='http:\/\/isoplast.ind.br\/16\/download\/embalagens-de-consumo'>Embalagens de Consumo<\/a><\/h3>\n                        <div class=\"text-muted text-small\"><i class=\"fas fa-copy\"><\/i> 1 file(s) <i class=\"fas fa-hdd ml-3\"><\/i> 1.21 MB<\/div>\n                    <\/div>\n                <\/div>\n            <\/div>\n            <div class=\"ml-3 wpdmdl-btn\">\n                <a class='wpdm-download-link download-on-click btn btn-primary ' rel='nofollow' href='#' data-downloadurl=\"http:\/\/isoplast.ind.br\/16\/download\/embalagens-de-consumo?wpdmdl=1946&refresh=69e1c3c1b79f61776403393\">CLIQUE AQUI PARA O DOWNLOAD<\/a>\n            <\/div>\n        <\/div>\n    <\/div>\n<\/div>\n\n\n<\/div>\n","protected":false},"excerpt":{"rendered":"<p><img loading=\"lazy\" class=\"alignnone wp-image-1708\" src=\"http:\/\/isoplast.ind.br\/16\/wp-content\/uploads\/2016\/03\/cx42-300x137.jpg\" alt=\"cx42\" width=\"390\" height=\"178\" srcset=\"http:\/\/isoplast.ind.br\/16\/wp-content\/uploads\/2016\/03\/cx42-300x137.jpg 300w, http:\/\/isoplast.ind.br\/16\/wp-content\/uploads\/2016\/03\/cx42.jpg 494w\" sizes=\"(max-width: 390px) 100vw, 390px\" \/><\/p>\n<hr \/>\n<p>[vc_row][vc_column][ultimate_modal modal_title=\"FORMUL\u00c1RIO DE COTA\u00c7\u00c3O:\" btn_bg_color=\"#1e73be\" btn_txt_color=\"#ffffff\" modal_on_align=\"left\" btn_text=\"SOLICITE UMA COTA\u00c7\u00c3O\" modal_size=\"medium\"][contact-form-7 id=\"1057\" title=\"Formul\u00e1rio de contato 1\"][\/ultimate_modal][\/vc_column][\/vc_row]<\/p>\n","protected":false},"featured_media":1681,"comment_status":"open","ping_status":"closed","template":"","meta":[],"yoast_head":"<!-- This site is optimized with the Yoast SEO plugin v15.5 - https:\/\/yoast.com\/wordpress\/plugins\/seo\/ -->\n<title>Caixa T\u00e9rmica 42L com al\u00e7a - Isoplast Ltda<\/title>\n<meta name=\"robots\" content=\"index, follow, max-snippet:-1, max-image-preview:large, max-video-preview:-1\" \/>\n<link rel=\"canonical\" href=\"http:\/\/isoplast.ind.br\/16\/produto\/caixa-termica-42l-com-alca\" \/>\n<meta property=\"og:locale\" content=\"pt_BR\" \/>\n<meta property=\"og:type\" content=\"article\" \/>\n<meta property=\"og:title\" content=\"Caixa T\u00e9rmica 42L com al\u00e7a - Isoplast Ltda\" \/>\n<meta property=\"og:description\" content=\"[vc_row][vc_column][\/vc_column][\/vc_row]\" \/>\n<meta property=\"og:url\" content=\"http:\/\/isoplast.ind.br\/16\/produto\/caixa-termica-42l-com-alca\" \/>\n<meta property=\"og:site_name\" content=\"Isoplast Ltda\" \/>\n<meta property=\"article:modified_time\" content=\"2021-05-08T15:03:32+00:00\" \/>\n<meta property=\"og:image\" content=\"http:\/\/isoplast.ind.br\/16\/wp-content\/uploads\/2016\/03\/cx42L.jpg\" \/>\n\t<meta property=\"og:image:width\" content=\"1500\" \/>\n\t<meta property=\"og:image:height\" content=\"1496\" \/>\n<meta name=\"twitter:card\" content=\"summary\" \/>\n<meta name=\"twitter:label1\" content=\"Est. reading time\">\n\t<meta name=\"twitter:data1\" content=\"0 minuto\">\n<script type=\"application\/ld+json\" class=\"yoast-schema-graph\">{\"@context\":\"https:\/\/schema.org\",\"@graph\":[{\"@type\":\"WebSite\",\"@id\":\"https:\/\/isoplast.ind.br\/16\/#website\",\"url\":\"https:\/\/isoplast.ind.br\/16\/\",\"name\":\"Isoplast Ltda\",\"description\":\"Tecnologia em EPS!\",\"potentialAction\":[{\"@type\":\"SearchAction\",\"target\":\"https:\/\/isoplast.ind.br\/16\/?s={search_term_string}\",\"query-input\":\"required name=search_term_string\"}],\"inLanguage\":\"pt-BR\"},{\"@type\":\"ImageObject\",\"@id\":\"http:\/\/isoplast.ind.br\/16\/produto\/caixa-termica-42l-com-alca#primaryimage\",\"inLanguage\":\"pt-BR\",\"url\":\"http:\/\/isoplast.ind.br\/16\/wp-content\/uploads\/2016\/03\/cx42L.jpg\",\"width\":1500,\"height\":1496},{\"@type\":\"WebPage\",\"@id\":\"http:\/\/isoplast.ind.br\/16\/produto\/caixa-termica-42l-com-alca#webpage\",\"url\":\"http:\/\/isoplast.ind.br\/16\/produto\/caixa-termica-42l-com-alca\",\"name\":\"Caixa T\\u00e9rmica 42L com al\\u00e7a - Isoplast Ltda\",\"isPartOf\":{\"@id\":\"https:\/\/isoplast.ind.br\/16\/#website\"},\"primaryImageOfPage\":{\"@id\":\"http:\/\/isoplast.ind.br\/16\/produto\/caixa-termica-42l-com-alca#primaryimage\"},\"datePublished\":\"2016-01-12T00:35:37+00:00\",\"dateModified\":\"2021-05-08T15:03:32+00:00\",\"inLanguage\":\"pt-BR\",\"potentialAction\":[{\"@type\":\"ReadAction\",\"target\":[\"http:\/\/isoplast.ind.br\/16\/produto\/caixa-termica-42l-com-alca\"]}]}]}<\/script>\n<!-- \/ Yoast SEO plugin. -->","_links":{"self":[{"href":"http:\/\/isoplast.ind.br\/16\/wp-json\/wp\/v2\/product\/1707"}],"collection":[{"href":"http:\/\/isoplast.ind.br\/16\/wp-json\/wp\/v2\/product"}],"about":[{"href":"http:\/\/isoplast.ind.br\/16\/wp-json\/wp\/v2\/types\/product"}],"replies":[{"embeddable":true,"href":"http:\/\/isoplast.ind.br\/16\/wp-json\/wp\/v2\/comments?post=1707"}],"wp:featuredmedia":[{"embeddable":true,"href":"http:\/\/isoplast.ind.br\/16\/wp-json\/wp\/v2\/media\/1681"}],"wp:attachment":[{"href":"http:\/\/isoplast.ind.br\/16\/wp-json\/wp\/v2\/media?parent=1707"}],"curies":[{"name":"wp","href":"https:\/\/api.w.org\/{rel}","templated":true}]}}