{"id":1465,"date":"2015-11-20T18:12:31","date_gmt":"2015-11-20T18:12:31","guid":{"rendered":"http:\/\/isoplast.ind.br\/16\/?post_type=product&#038;p=1465"},"modified":"2021-05-08T15:21:50","modified_gmt":"2021-05-08T15:21:50","slug":"porta-garrafa","status":"publish","type":"product","link":"http:\/\/isoplast.ind.br\/16\/produto\/porta-garrafa","title":{"rendered":"Porta Garrafa"},"content":{"rendered":"<h4><strong>Baixe nosso Cat\u00e1logo completo da linha Utilit\u00e1rios de Consumo.<\/strong><\/h4>\n<p><img loading=\"lazy\" class=\"alignnone wp-image-1949\" src=\"http:\/\/isoplast.ind.br\/16\/wp-content\/uploads\/2016\/03\/cat_embalagens_de_consumo_mini-213x300.jpg\" alt=\"cat_embalagens_de_consumo_mini\" width=\"292\" height=\"412\" srcset=\"http:\/\/isoplast.ind.br\/16\/wp-content\/uploads\/2016\/03\/cat_embalagens_de_consumo_mini-213x300.jpg 213w, http:\/\/isoplast.ind.br\/16\/wp-content\/uploads\/2016\/03\/cat_embalagens_de_consumo_mini.jpg 437w\" sizes=\"(max-width: 292px) 100vw, 292px\" \/><\/p>\n<div class='w3eden'><!-- WPDM Link Template: Default Template -->\n\n\n<div class=\"link-template-default card mb-2\">\n    <div class=\"card-body\">\n        <div class=\"media stack-xs\">\n            <div class=\"media-body\">\n                <div class=\"media\">\n                    <div class=\"mr-3 img-48\"><img class=\"wpdm_icon\" alt=\"Icon\"   src=\"http:\/\/isoplast.ind.br\/16\/wp-content\/plugins\/download-manager\/assets\/file-type-icons\/pdf.png\" \/><\/div>\n                    <div class=\"media-body\">\n                        <h3 class=\"package-title\"><a href='http:\/\/isoplast.ind.br\/16\/download\/embalagens-de-consumo'>Embalagens de Consumo<\/a><\/h3>\n                        <div class=\"text-muted text-small\"><i class=\"fas fa-copy\"><\/i> 1 file(s) <i class=\"fas fa-hdd ml-3\"><\/i> 1.21 MB<\/div>\n                    <\/div>\n                <\/div>\n            <\/div>\n            <div class=\"ml-3 wpdmdl-btn\">\n                <a class='wpdm-download-link download-on-click btn btn-primary ' rel='nofollow' href='#' data-downloadurl=\"http:\/\/isoplast.ind.br\/16\/download\/embalagens-de-consumo?wpdmdl=1946&refresh=69e1c1f14b0ca1776402929\">CLIQUE AQUI PARA O DOWNLOAD<\/a>\n            <\/div>\n        <\/div>\n    <\/div>\n<\/div>\n\n\n<\/div>\n","protected":false},"excerpt":{"rendered":"<p><img loading=\"lazy\" class=\"alignnone wp-image-1865\" src=\"http:\/\/isoplast.ind.br\/16\/wp-content\/uploads\/2015\/11\/porta_garrafa-300x134.jpg\" alt=\"porta_garrafa\" width=\"392\" height=\"175\" srcset=\"http:\/\/isoplast.ind.br\/16\/wp-content\/uploads\/2015\/11\/porta_garrafa-300x134.jpg 300w, http:\/\/isoplast.ind.br\/16\/wp-content\/uploads\/2015\/11\/porta_garrafa-570x255.jpg 570w, http:\/\/isoplast.ind.br\/16\/wp-content\/uploads\/2015\/11\/porta_garrafa-768x343.jpg 768w, http:\/\/isoplast.ind.br\/16\/wp-content\/uploads\/2015\/11\/porta_garrafa-1024x457.jpg 1024w, http:\/\/isoplast.ind.br\/16\/wp-content\/uploads\/2015\/11\/porta_garrafa.jpg 1117w\" sizes=\"(max-width: 392px) 100vw, 392px\" \/><\/p>\n<hr \/>\n<p>[vc_row][vc_column][ultimate_modal modal_title=\"FORMUL\u00c1RIO DE COTA\u00c7\u00c3O:\" btn_bg_color=\"#1e73be\" btn_txt_color=\"#ffffff\" modal_on_align=\"left\" btn_text=\"SOLICITE UMA COTA\u00c7\u00c3O\" modal_size=\"medium\"][contact-form-7 id=\"1057\" title=\"Formul\u00e1rio de contato 1\"][\/ultimate_modal][\/vc_column][\/vc_row]<\/p>\n","protected":false},"featured_media":1466,"comment_status":"open","ping_status":"closed","template":"","meta":[],"yoast_head":"<!-- This site is optimized with the Yoast SEO plugin v15.5 - https:\/\/yoast.com\/wordpress\/plugins\/seo\/ -->\n<title>Porta Garrafa - Isoplast Ltda<\/title>\n<meta name=\"robots\" content=\"index, follow, max-snippet:-1, max-image-preview:large, max-video-preview:-1\" \/>\n<link rel=\"canonical\" href=\"https:\/\/isoplast.ind.br\/16\/produto\/porta-garrafa\" \/>\n<meta property=\"og:locale\" content=\"pt_BR\" \/>\n<meta property=\"og:type\" content=\"article\" \/>\n<meta property=\"og:title\" content=\"Porta Garrafa - Isoplast Ltda\" \/>\n<meta property=\"og:description\" content=\"[vc_row][vc_column][\/vc_column][\/vc_row]\" \/>\n<meta property=\"og:url\" content=\"https:\/\/isoplast.ind.br\/16\/produto\/porta-garrafa\" \/>\n<meta property=\"og:site_name\" content=\"Isoplast Ltda\" \/>\n<meta property=\"article:modified_time\" content=\"2021-05-08T15:21:50+00:00\" \/>\n<meta property=\"og:image\" content=\"http:\/\/isoplast.ind.br\/16\/wp-content\/uploads\/2015\/11\/img_9671_1-e1528242751121.jpg\" \/>\n\t<meta property=\"og:image:width\" content=\"622\" \/>\n\t<meta property=\"og:image:height\" content=\"785\" \/>\n<meta name=\"twitter:card\" content=\"summary\" \/>\n<meta name=\"twitter:label1\" content=\"Est. reading time\">\n\t<meta name=\"twitter:data1\" content=\"0 minuto\">\n<script type=\"application\/ld+json\" class=\"yoast-schema-graph\">{\"@context\":\"https:\/\/schema.org\",\"@graph\":[{\"@type\":\"WebSite\",\"@id\":\"https:\/\/isoplast.ind.br\/16\/#website\",\"url\":\"https:\/\/isoplast.ind.br\/16\/\",\"name\":\"Isoplast Ltda\",\"description\":\"Tecnologia em EPS!\",\"potentialAction\":[{\"@type\":\"SearchAction\",\"target\":\"https:\/\/isoplast.ind.br\/16\/?s={search_term_string}\",\"query-input\":\"required name=search_term_string\"}],\"inLanguage\":\"pt-BR\"},{\"@type\":\"ImageObject\",\"@id\":\"https:\/\/isoplast.ind.br\/16\/produto\/porta-garrafa#primaryimage\",\"inLanguage\":\"pt-BR\",\"url\":\"http:\/\/isoplast.ind.br\/16\/wp-content\/uploads\/2015\/11\/img_9671_1-e1528242751121.jpg\",\"width\":622,\"height\":785},{\"@type\":\"WebPage\",\"@id\":\"https:\/\/isoplast.ind.br\/16\/produto\/porta-garrafa#webpage\",\"url\":\"https:\/\/isoplast.ind.br\/16\/produto\/porta-garrafa\",\"name\":\"Porta Garrafa - Isoplast Ltda\",\"isPartOf\":{\"@id\":\"https:\/\/isoplast.ind.br\/16\/#website\"},\"primaryImageOfPage\":{\"@id\":\"https:\/\/isoplast.ind.br\/16\/produto\/porta-garrafa#primaryimage\"},\"datePublished\":\"2015-11-20T18:12:31+00:00\",\"dateModified\":\"2021-05-08T15:21:50+00:00\",\"inLanguage\":\"pt-BR\",\"potentialAction\":[{\"@type\":\"ReadAction\",\"target\":[\"https:\/\/isoplast.ind.br\/16\/produto\/porta-garrafa\"]}]}]}<\/script>\n<!-- \/ Yoast SEO plugin. -->","_links":{"self":[{"href":"http:\/\/isoplast.ind.br\/16\/wp-json\/wp\/v2\/product\/1465"}],"collection":[{"href":"http:\/\/isoplast.ind.br\/16\/wp-json\/wp\/v2\/product"}],"about":[{"href":"http:\/\/isoplast.ind.br\/16\/wp-json\/wp\/v2\/types\/product"}],"replies":[{"embeddable":true,"href":"http:\/\/isoplast.ind.br\/16\/wp-json\/wp\/v2\/comments?post=1465"}],"wp:featuredmedia":[{"embeddable":true,"href":"http:\/\/isoplast.ind.br\/16\/wp-json\/wp\/v2\/media\/1466"}],"wp:attachment":[{"href":"http:\/\/isoplast.ind.br\/16\/wp-json\/wp\/v2\/media?parent=1465"}],"curies":[{"name":"wp","href":"https:\/\/api.w.org\/{rel}","templated":true}]}}