{"id":2101,"date":"2016-04-21T15:50:33","date_gmt":"2016-04-21T15:50:33","guid":{"rendered":"http:\/\/isoplast.ind.br\/16\/?page_id=2101"},"modified":"2016-11-21T18:07:18","modified_gmt":"2016-11-21T18:07:18","slug":"a-empresa","status":"publish","type":"page","link":"http:\/\/isoplast.ind.br\/16\/a-empresa","title":{"rendered":"A Empresa"},"content":{"rendered":"<p>[vc_row][vc_column]\t\t\t<div\r\n\t\t\t\tclass=\"darna-heading style1 margin-bottom-40 margin-top-40\" >\r\n\t\t\t\t\t\t\t\t\t<h2>NOSSA HIST\u00d3RIA<\/h2>\r\n\t\t\t\t\t\t\t\t\t\t\t\t\t<p>Tradi\u00e7\u00e3o em Qualidade<\/p>\r\n\t\t\t\t\t\t\t<\/div>\r\n\t\t\t[\/vc_column][\/vc_row][vc_row][vc_column width=&#8221;1\/2&#8243;][vc_gallery interval=&#8221;0&#8243; images=&#8221;2155,2156,2079,2078&#8243; img_size=&#8221;&#8221;][vc_column_text css=&#8221;.vc_custom_1461263274551{margin-bottom: 40px !important;}&#8221;]<\/p>\n<h6 style=\"text-align: justify;\">A <strong><span class=\"style1\">ISOPLAST<\/span><\/strong> atua desde 1993 na regi\u00e3o Norte-Nordeste do Brasil, onde \u00e9 l\u00edder de mercado na fabrica\u00e7\u00e3o de produtos derivados do <strong>poliestireno expandido (EPS)<\/strong>, conhecido popularmente como isopor.<\/h6>\n<p>[\/vc_column_text][vc_gallery interval=&#8221;0&#8243; images=&#8221;2157,2080,2077,2158&#8243; img_size=&#8221;&#8221;][vc_column_text css=&#8221;.vc_custom_1461266044372{margin-bottom: 40px !important;}&#8221;]<\/p>\n<h6 style=\"text-align: justify;\">Empenhada na garantia da qualidade de seus produtos, a <strong><span class=\"style1\">ISOPLAST<\/span><\/strong> utiliza tecnologia alem\u00e3 de \u00faltima gera\u00e7\u00e3o, visando tamb\u00e9m atender a novos segmentos de mercado nas diversas aplica\u00e7\u00f5es do <strong>EPS<\/strong>.<\/h6>\n<p>[\/vc_column_text][\/vc_column][vc_column width=&#8221;1\/2&#8243;][vc_column_text css=&#8221;.vc_custom_1461266067018{margin-bottom: 40px !important;}&#8221;]<\/p>\n<h6 style=\"text-align: justify;\">Fortalecendo o movimento coletivo de conscientiza\u00e7\u00e3o ambiental, a <strong><span class=\"style1\">ISOPLAST<\/span><\/strong> trabalha com produtos livre de CFC e 100% recicl\u00e1veis, preservando assim o nosso planeta para que futuras gera\u00e7\u00f5es tenham uma qualidade de vida melhor.<\/h6>\n<p>[\/vc_column_text][vc_gmaps link=&#8221;#E-8_JTNDaWZyYW1lJTIwc3JjJTNEJTIyaHR0cHMlM0ElMkYlMkZ3d3cuZ29vZ2xlLmNvbSUyRm1hcHMlMkZlbWJlZCUzRnBiJTNEJTIxMW0xOCUyMTFtMTIlMjExbTMlMjExZDkyOTYuNDMxODYzMjQzODc0JTIxMmQtMzguNTk0MzQwMzk2NjE2MzclMjEzZC0zLjg1MzAyOTY5MzMzMzc3ODYlMjEybTMlMjExZjAlMjEyZjAlMjEzZjAlMjEzbTIlMjExaTEwMjQlMjEyaTc2OCUyMTRmMTMuMSUyMTNtMyUyMTFtMiUyMTFzMHg3Yzc1MjQ4YTc3ZDIwZTklMjUzQTB4NjY3MTE0MGVkMjIzZGFkNSUyMTJzSVNPUExBU1QlMkJJTkQlMjVDMyUyNTlBU1RSSUElMkJFJTJCQ09NJTI1QzMlMjU4OVJDSU8lMkJERSUyQlBMJTI1QzMlMjU4MVNUSUNPUyUyQkxUREElMjE1ZTAlMjEzbTIlMjExc3B0LUJSJTIxMnNiciUyMTR2MTQ0NzAzMDgyMTI1MCUyMiUyMHdpZHRoJTNEJTIyNjAwJTIyJTIwaGVpZ2h0JTNEJTIyNDUwJTIyJTIwZnJhbWVib3JkZXIlM0QlMjIwJTIyJTIwc3R5bGUlM0QlMjJib3JkZXIlM0EwJTIyJTIwYWxsb3dmdWxsc2NyZWVuJTNFJTNDJTJGaWZyYW1lJTNF&#8221; css=&#8221;.vc_custom_1461264708826{margin-bottom: 40px !important;}&#8221;][vc_column_text]<\/p>\n<hr \/>\n<h6 style=\"text-align: justify;\">Situada no Primeiro Distrito Industrial de Fortaleza-CE, em uma \u00e1rea de 40.000 m\u00b2, a <strong><span class=\"style1\">ISOPLAST <\/span><\/strong>atua nos setores de embalagens industriais e dom\u00e9sticas, refrigera\u00e7\u00e3o e constru\u00e7\u00e3o civil. Na linha dom\u00e9stica produz caixas t\u00e9rmicas, placas, recortados e utilidades em geral. No setor industrial fabrica pe\u00e7as para ind\u00fastria eletro-eletr\u00f4nico, farmac\u00eautica, pesqueira e agr\u00edcola. Na \u00e1rea de refrigera\u00e7\u00e3o, fabrica pain\u00e9is termoisolantes (utilizados em c\u00e2maras frigor\u00edficas, transporte de cargas frias, estocagem de alimentos\/bebidas e etc), placas de alta densidade para isolamento t\u00e9rmico, al\u00e9m de calhas para isolamento de tubula\u00e7\u00f5es. Na constru\u00e7\u00e3o civil, produz telhas t\u00e9rmicas, pain\u00e9is de fachada, blocos para enchimento de laje, placas para isolamento t\u00e9rmico \/ac\u00fastico e p\u00e9rolas para concreto leve.<\/h6>\n<hr \/>\n<h6 style=\"text-align: justify;\"><\/h6>\n<p>[\/vc_column_text][vc_single_image image=&#8221;2149&#8243; img_size=&#8221;full&#8221; alignment=&#8221;center&#8221; style=&#8221;vc_box_border&#8221;][vc_text_separator title=&#8221;CONTATOS DA MATRIZ-CE:&#8221; css=&#8221;.vc_custom_1461266948517{margin-top: 40px !important;margin-bottom: 30px !important;}&#8221;][vc_column_text css=&#8221;.vc_custom_1479751635237{margin-bottom: 40px !important;}&#8221;]<\/p>\n<h6 style=\"text-align: left;\">Fone: (85) 3215-2633<br \/>\nE-mail: isoplast@isoplast.ind.br<\/h6>\n<p>[\/vc_column_text][\/vc_column][\/vc_row][vc_row css=&#8221;.vc_custom_1461265849117{margin-bottom: 40px !important;}&#8221;][vc_column][vc_single_image image=&#8221;2146&#8243; img_size=&#8221;full&#8221; alignment=&#8221;center&#8221; style=&#8221;vc_box_border&#8221;][\/vc_column][\/vc_row]<\/p>\n","protected":false},"excerpt":{"rendered":"<p>[vc_row][vc_column][\/vc_column][\/vc_row][vc_row][vc_column width=&#8221;1\/2&#8243;][vc_gallery interval=&#8221;0&#8243; images=&#8221;2155,2156,2079,2078&#8243; img_size=&#8221;&#8221;][vc_column_text css=&#8221;.vc_custom_1461263274551{margin-bottom: 40px !important;}&#8221;] A ISOPLAST atua desde 1993 na regi\u00e3o Norte-Nordeste do Brasil, onde \u00e9 l\u00edder de mercado na fabrica\u00e7\u00e3o de produtos derivados do poliestireno expandido (EPS), conhecido popularmente como isopor. [\/vc_column_text][vc_gallery interval=&#8221;0&#8243; images=&#8221;2157,2080,2077,2158&#8243; img_size=&#8221;&#8221;][vc_column_text css=&#8221;.vc_custom_1461266044372{margin-bottom: 40px !important;}&#8221;] Empenhada na garantia da qualidade de seus produtos, a ISOPLAST utiliza tecnologia [&hellip;]<\/p>\n","protected":false},"author":1,"featured_media":0,"parent":0,"menu_order":0,"comment_status":"closed","ping_status":"closed","template":"","meta":[],"yoast_head":"<!-- This site is optimized with the Yoast SEO plugin v15.5 - https:\/\/yoast.com\/wordpress\/plugins\/seo\/ -->\n<title>A Empresa - Isoplast Ltda<\/title>\n<meta name=\"robots\" content=\"index, follow, max-snippet:-1, max-image-preview:large, max-video-preview:-1\" \/>\n<link rel=\"canonical\" href=\"https:\/\/isoplast.ind.br\/16\/a-empresa\" \/>\n<meta property=\"og:locale\" content=\"pt_BR\" \/>\n<meta property=\"og:type\" content=\"article\" \/>\n<meta property=\"og:title\" content=\"A Empresa - Isoplast Ltda\" \/>\n<meta property=\"og:description\" content=\"[vc_row][vc_column][\/vc_column][\/vc_row][vc_row][vc_column width=&#8221;1\/2&#8243;][vc_gallery interval=&#8221;0&#8243; images=&#8221;2155,2156,2079,2078&#8243; img_size=&#8221;&#8221;][vc_column_text css=&#8221;.vc_custom_1461263274551{margin-bottom: 40px !important;}&#8221;] A ISOPLAST atua desde 1993 na regi\u00e3o Norte-Nordeste do Brasil, onde \u00e9 l\u00edder de mercado na fabrica\u00e7\u00e3o de produtos derivados do poliestireno expandido (EPS), conhecido popularmente como isopor. [\/vc_column_text][vc_gallery interval=&#8221;0&#8243; images=&#8221;2157,2080,2077,2158&#8243; img_size=&#8221;&#8221;][vc_column_text css=&#8221;.vc_custom_1461266044372{margin-bottom: 40px !important;}&#8221;] Empenhada na garantia da qualidade de seus produtos, a ISOPLAST utiliza tecnologia [&hellip;]\" \/>\n<meta property=\"og:url\" content=\"https:\/\/isoplast.ind.br\/16\/a-empresa\" \/>\n<meta property=\"og:site_name\" content=\"Isoplast Ltda\" \/>\n<meta property=\"article:modified_time\" content=\"2016-11-21T18:07:18+00:00\" \/>\n<meta name=\"twitter:card\" content=\"summary\" \/>\n<meta name=\"twitter:label1\" content=\"Est. reading time\">\n\t<meta name=\"twitter:data1\" content=\"2 minutos\">\n<script type=\"application\/ld+json\" class=\"yoast-schema-graph\">{\"@context\":\"https:\/\/schema.org\",\"@graph\":[{\"@type\":\"WebSite\",\"@id\":\"https:\/\/isoplast.ind.br\/16\/#website\",\"url\":\"https:\/\/isoplast.ind.br\/16\/\",\"name\":\"Isoplast Ltda\",\"description\":\"Tecnologia em EPS!\",\"potentialAction\":[{\"@type\":\"SearchAction\",\"target\":\"https:\/\/isoplast.ind.br\/16\/?s={search_term_string}\",\"query-input\":\"required name=search_term_string\"}],\"inLanguage\":\"pt-BR\"},{\"@type\":\"WebPage\",\"@id\":\"https:\/\/isoplast.ind.br\/16\/a-empresa#webpage\",\"url\":\"https:\/\/isoplast.ind.br\/16\/a-empresa\",\"name\":\"A Empresa - Isoplast Ltda\",\"isPartOf\":{\"@id\":\"https:\/\/isoplast.ind.br\/16\/#website\"},\"datePublished\":\"2016-04-21T15:50:33+00:00\",\"dateModified\":\"2016-11-21T18:07:18+00:00\",\"inLanguage\":\"pt-BR\",\"potentialAction\":[{\"@type\":\"ReadAction\",\"target\":[\"https:\/\/isoplast.ind.br\/16\/a-empresa\"]}]}]}<\/script>\n<!-- \/ Yoast SEO plugin. -->","_links":{"self":[{"href":"http:\/\/isoplast.ind.br\/16\/wp-json\/wp\/v2\/pages\/2101"}],"collection":[{"href":"http:\/\/isoplast.ind.br\/16\/wp-json\/wp\/v2\/pages"}],"about":[{"href":"http:\/\/isoplast.ind.br\/16\/wp-json\/wp\/v2\/types\/page"}],"author":[{"embeddable":true,"href":"http:\/\/isoplast.ind.br\/16\/wp-json\/wp\/v2\/users\/1"}],"replies":[{"embeddable":true,"href":"http:\/\/isoplast.ind.br\/16\/wp-json\/wp\/v2\/comments?post=2101"}],"version-history":[{"count":60,"href":"http:\/\/isoplast.ind.br\/16\/wp-json\/wp\/v2\/pages\/2101\/revisions"}],"predecessor-version":[{"id":3069,"href":"http:\/\/isoplast.ind.br\/16\/wp-json\/wp\/v2\/pages\/2101\/revisions\/3069"}],"wp:attachment":[{"href":"http:\/\/isoplast.ind.br\/16\/wp-json\/wp\/v2\/media?parent=2101"}],"curies":[{"name":"wp","href":"https:\/\/api.w.org\/{rel}","templated":true}]}}