{"id":117,"date":"2015-07-18T09:24:53","date_gmt":"2015-07-18T09:24:53","guid":{"rendered":"http:\/\/themes.g5plus.net\/darna\/?page_id=117"},"modified":"2025-04-06T16:11:12","modified_gmt":"2025-04-06T16:11:12","slug":"orca-form-contato","status":"publish","type":"page","link":"http:\/\/isoplast.ind.br\/16\/orca-form-contato","title":{"rendered":"Or\u00e7amentos e Form de Contato"},"content":{"rendered":"<p>[vc_row][vc_column]\t\t\t<div\r\n\t\t\t\tclass=\"darna-heading style1 margin-bottom-40 margin-top-40\" >\r\n\t\t\t\t\t\t\t\t\t<h2>Envie sua Mensagem<\/h2>\r\n\t\t\t\t\t\t\t\t\t\t\t\t\t<p>Retornaremos o quanto antes<\/p>\r\n\t\t\t\t\t\t\t<\/div>\r\n\t\t\t[vc_column_text css_animation=&#8221;appear&#8221; el_class=&#8221;margin-bottom-40&#8243;]<\/p>\n<blockquote>\n<h2 style=\"text-align: center;\">Atendemos apenas a Regi\u00e3o Nordeste e parte do Norte (Cidades at\u00e9 Bel\u00e9m-PA)<\/h2>\n<\/blockquote>\n<p>[\/vc_column_text][\/vc_column][\/vc_row][vc_row][vc_column][vc_text_separator title=&#8221;PREENCHA O FORMUL\u00c1RIO&#8221; title_align=&#8221;separator_align_left&#8221; el_class=&#8221;margin-bottom-20 margin-top-40&#8243;][\/vc_column][\/vc_row][vc_row layout=&#8221;boxed&#8221; parallax_style=&#8221;none&#8221; parallax_scroll_effect=&#8221;fixed&#8221; el_class=&#8221;margin-bottom-0&#8243;][vc_column width=&#8221;1\/2&#8243;]<div role=\"form\" class=\"wpcf7\" id=\"wpcf7-f1057-o1\" lang=\"pt-BR\" dir=\"ltr\">\n<div class=\"screen-reader-response\"><p role=\"status\" aria-live=\"polite\" aria-atomic=\"true\"><\/p> <ul><\/ul><\/div>\n<form action=\"\/16\/wp-json\/wp\/v2\/pages\/117#wpcf7-f1057-o1\" method=\"post\" class=\"wpcf7-form init\" enctype=\"multipart\/form-data\" novalidate=\"novalidate\" data-status=\"init\">\n<div style=\"display: none;\">\n<input type=\"hidden\" name=\"_wpcf7\" value=\"1057\" \/>\n<input type=\"hidden\" name=\"_wpcf7_version\" value=\"5.3.2\" \/>\n<input type=\"hidden\" name=\"_wpcf7_locale\" value=\"pt_BR\" \/>\n<input type=\"hidden\" name=\"_wpcf7_unit_tag\" value=\"wpcf7-f1057-o1\" \/>\n<input type=\"hidden\" name=\"_wpcf7_container_post\" value=\"0\" \/>\n<input type=\"hidden\" name=\"_wpcf7_posted_data_hash\" value=\"\" \/>\n<input type=\"hidden\" name=\"_wpcf7_recaptcha_response\" value=\"\" \/>\n<\/div>\n<p><b>NOME COMPLETO\/EMPRESA <\/b> (obrigat\u00f3rio)<br \/>\n    <span class=\"wpcf7-form-control-wrap your-name\"><input type=\"text\" name=\"your-name\" value=\"\" size=\"60\" class=\"wpcf7-form-control wpcf7-text wpcf7-validates-as-required\" aria-required=\"true\" aria-invalid=\"false\" placeholder=\"Digite seu nome\" \/><\/span> <\/p>\n<p><b>(DDD) + TELEFONE <\/b>(obrigat\u00f3rio)<br \/>\n<span class=\"wpcf7-form-control-wrap tel-812\"><input type=\"tel\" name=\"tel-812\" value=\"\" size=\"55\" class=\"wpcf7-form-control wpcf7-text wpcf7-tel wpcf7-validates-as-required wpcf7-validates-as-tel\" aria-required=\"true\" aria-invalid=\"false\" placeholder=\"(000) 0000-0000\" \/><\/span><\/p>\n<p><b>E-MAIL <\/b>(obrigat\u00f3rio)<br \/>\n    <span class=\"wpcf7-form-control-wrap your-email\"><input type=\"email\" name=\"your-email\" value=\"\" size=\"60\" class=\"wpcf7-form-control wpcf7-text wpcf7-email wpcf7-validates-as-required wpcf7-validates-as-email\" aria-required=\"true\" aria-invalid=\"false\" placeholder=\"email@email.com.br\" \/><\/span> <\/p>\n<p><b>CIDADE-ESTADO <\/b> (obrigat\u00f3rio)<br \/>\n    <span class=\"wpcf7-form-control-wrap text-782\"><input type=\"text\" name=\"text-782\" value=\"\" size=\"60\" class=\"wpcf7-form-control wpcf7-text wpcf7-validates-as-required\" aria-required=\"true\" aria-invalid=\"false\" placeholder=\"CIDADE-ESTADO\" \/><\/span> <\/p>\n<p><b>ASSUNTO <\/b>(obrigat\u00f3rio)<br \/>\n    <span class=\"wpcf7-form-control-wrap your-subject\"><input type=\"text\" name=\"your-subject\" value=\"\" size=\"60\" class=\"wpcf7-form-control wpcf7-text wpcf7-validates-as-required\" aria-required=\"true\" aria-invalid=\"false\" placeholder=\"Cota\u00e7\u00e3o\/D\u00favida\/Sugest\u00e3o\" \/><\/span> <\/p>\n<p><b>MSG\/OR\u00c7AMENTO:<\/b> (obrigat\u00f3rio)<br \/>\n    <span class=\"wpcf7-form-control-wrap your-message\"><textarea name=\"your-message\" cols=\"59\" rows=\"10\" class=\"wpcf7-form-control wpcf7-textarea wpcf7-validates-as-required\" aria-required=\"true\" aria-invalid=\"false\" placeholder=\"Digite aqui o seu texto e n\u00e3o esque\u00e7a de colocar qual sua cidade, estado, Nome da Empresa e CNPJ\"><\/textarea><\/span> <\/p>\n<p>Projetos para An\u00e1lise (Formatos .dwg\/.dxf\/.pdf\/.jpg\/.doc):<br \/>\n<span class=\"wpcf7-form-control-wrap file-388\"><input type=\"file\" name=\"file-388\" size=\"40\" class=\"wpcf7-form-control wpcf7-file\" id=\"1\" accept=\".PDF,.DWG,.DXF,.JPG,.DOC,.TXT,.DOCX\" aria-invalid=\"false\" \/><\/span><span class=\"wpcf7-form-control-wrap file-446\"><input type=\"file\" name=\"file-446\" size=\"40\" class=\"wpcf7-form-control wpcf7-file\" id=\"2\" accept=\".PDF,.DWG,.DXF,.JPG,.DOC,.TXT,.DOCX\" aria-invalid=\"false\" \/><\/span> <span class=\"wpcf7-form-control-wrap file-886\"><input type=\"file\" name=\"file-886\" size=\"40\" class=\"wpcf7-form-control wpcf7-file\" id=\"3\" accept=\".PDF,.DWG,.DXF,.JPG,.DOC,.TXT,.DOCX\" aria-invalid=\"false\" \/><\/span><span class=\"wpcf7-form-control-wrap file-748\"><input type=\"file\" name=\"file-748\" size=\"40\" class=\"wpcf7-form-control wpcf7-file\" id=\"4\" accept=\".PDF,.DWG,.DXF,.JPG,.DOC,.TXT,.DOCX\" aria-invalid=\"false\" \/><\/span><span class=\"wpcf7-form-control-wrap file-776\"><input type=\"file\" name=\"file-776\" size=\"40\" class=\"wpcf7-form-control wpcf7-file\" id=\"5\" accept=\".PDF,.DWG,.DXF,.JPG,.DOC,.TXT,.DOCX\" aria-invalid=\"false\" \/><\/span><\/p>\n<p><input type=\"submit\" value=\"Enviar\" class=\"wpcf7-form-control wpcf7-submit\" \/><\/p>\n<div class=\"wpcf7-response-output\" aria-hidden=\"true\"><\/div><\/form><\/div>[\/vc_column][vc_column width=&#8221;1\/2&#8243;][vc_column_text css_animation=&#8221;appear&#8221; el_class=&#8221;margin-bottom-40&#8243;]<\/p>\n<blockquote>\n<h4 style=\"text-align: left;\">SAC &#8211; Servi\u00e7os de Atendimento ao Consumidor<\/h4>\n<\/blockquote>\n<p>[\/vc_column_text][vc_column_text css_animation=&#8221;appear&#8221; el_class=&#8221;margin-bottom-40&#8243;]<a href=\"#\"><img loading=\"lazy\" class=\"alignnone wp-image-1542\" src=\"http:\/\/isoplast.ind.br\/16\/wp-content\/uploads\/2015\/07\/04_show_de_atendimento_ao_cliente-300x126.jpg\" alt=\"04_show_de_atendimento_ao_cliente\" width=\"595\" height=\"250\" srcset=\"http:\/\/isoplast.ind.br\/16\/wp-content\/uploads\/2015\/07\/04_show_de_atendimento_ao_cliente-300x126.jpg 300w, http:\/\/isoplast.ind.br\/16\/wp-content\/uploads\/2015\/07\/04_show_de_atendimento_ao_cliente-570x240.jpg 570w, http:\/\/isoplast.ind.br\/16\/wp-content\/uploads\/2015\/07\/04_show_de_atendimento_ao_cliente.jpg 680w\" sizes=\"(max-width: 595px) 100vw, 595px\" \/><\/a><\/p>\n<h4>Atrav\u00e9s do nosso servi\u00e7o de atendimento ao consumidor&nbsp;sua solicita\u00e7\u00e3o ser\u00e1 encaminhada ao departamento&nbsp;respons\u00e1vel. \u00c9 poss\u00edvel solicitar or\u00e7amentos,&nbsp;informa\u00e7\u00f5es comerciais, especifica\u00e7\u00f5es t\u00e9cnicas,&nbsp;d\u00favidas, sugest\u00f5es e reclama\u00e7\u00f5es.<\/h4>\n<h4>Envie sua mensagem pelo formul\u00e1rio ou&nbsp;ligue para (85) 3215-2633<\/h4>\n<p style=\"text-align: left;\"><a href=\"#\"><img loading=\"lazy\" class=\"alignnone wp-image-1543\" src=\"http:\/\/isoplast.ind.br\/16\/wp-content\/uploads\/2015\/07\/atendimento-ao-cliente-300x142.jpg\" alt=\"atendimento-ao-cliente\" width=\"596\" height=\"282\" srcset=\"http:\/\/isoplast.ind.br\/16\/wp-content\/uploads\/2015\/07\/atendimento-ao-cliente-300x142.jpg 300w, http:\/\/isoplast.ind.br\/16\/wp-content\/uploads\/2015\/07\/atendimento-ao-cliente-570x269.jpg 570w, http:\/\/isoplast.ind.br\/16\/wp-content\/uploads\/2015\/07\/atendimento-ao-cliente-1024x483.jpg 1024w, http:\/\/isoplast.ind.br\/16\/wp-content\/uploads\/2015\/07\/atendimento-ao-cliente.jpg 1350w\" sizes=\"(max-width: 596px) 100vw, 596px\" \/><\/a><\/p>\n<p>[\/vc_column_text][\/vc_column][\/vc_row]<\/p>\n","protected":false},"excerpt":{"rendered":"<p>[vc_row][vc_column][vc_column_text css_animation=&#8221;appear&#8221; el_class=&#8221;margin-bottom-40&#8243;] Atendemos apenas a Regi\u00e3o Nordeste e parte do Norte (Cidades at\u00e9 Bel\u00e9m-PA) [\/vc_column_text][\/vc_column][\/vc_row][vc_row][vc_column][vc_text_separator title=&#8221;PREENCHA O FORMUL\u00c1RIO&#8221; title_align=&#8221;separator_align_left&#8221; el_class=&#8221;margin-bottom-20 margin-top-40&#8243;][\/vc_column][\/vc_row][vc_row layout=&#8221;boxed&#8221; parallax_style=&#8221;none&#8221; parallax_scroll_effect=&#8221;fixed&#8221; el_class=&#8221;margin-bottom-0&#8243;][vc_column width=&#8221;1\/2&#8243;][\/vc_column][vc_column width=&#8221;1\/2&#8243;][vc_column_text css_animation=&#8221;appear&#8221; el_class=&#8221;margin-bottom-40&#8243;] SAC &#8211; Servi\u00e7os de Atendimento ao Consumidor [\/vc_column_text][vc_column_text css_animation=&#8221;appear&#8221; el_class=&#8221;margin-bottom-40&#8243;] Atrav\u00e9s do nosso servi\u00e7o de atendimento ao consumidor&nbsp;sua solicita\u00e7\u00e3o ser\u00e1 encaminhada ao departamento&nbsp;respons\u00e1vel. \u00c9 poss\u00edvel [&hellip;]<\/p>\n","protected":false},"author":1,"featured_media":0,"parent":0,"menu_order":0,"comment_status":"closed","ping_status":"closed","template":"","meta":[],"yoast_head":"<!-- This site is optimized with the Yoast SEO plugin v15.5 - https:\/\/yoast.com\/wordpress\/plugins\/seo\/ -->\n<title>Or\u00e7amentos e Form de Contato - Isoplast Ltda<\/title>\n<meta name=\"robots\" content=\"index, follow, max-snippet:-1, max-image-preview:large, max-video-preview:-1\" \/>\n<link rel=\"canonical\" href=\"http:\/\/isoplast.ind.br\/16\/orca-form-contato\" \/>\n<meta property=\"og:locale\" content=\"pt_BR\" \/>\n<meta property=\"og:type\" content=\"article\" \/>\n<meta property=\"og:title\" content=\"Or\u00e7amentos e Form de Contato - Isoplast Ltda\" \/>\n<meta property=\"og:description\" content=\"[vc_row][vc_column][vc_column_text css_animation=&#8221;appear&#8221; el_class=&#8221;margin-bottom-40&#8243;] Atendemos apenas a Regi\u00e3o Nordeste e parte do Norte (Cidades at\u00e9 Bel\u00e9m-PA) [\/vc_column_text][\/vc_column][\/vc_row][vc_row][vc_column][vc_text_separator title=&#8221;PREENCHA O FORMUL\u00c1RIO&#8221; title_align=&#8221;separator_align_left&#8221; el_class=&#8221;margin-bottom-20 margin-top-40&#8243;][\/vc_column][\/vc_row][vc_row layout=&#8221;boxed&#8221; parallax_style=&#8221;none&#8221; parallax_scroll_effect=&#8221;fixed&#8221; el_class=&#8221;margin-bottom-0&#8243;][vc_column width=&#8221;1\/2&#8243;][\/vc_column][vc_column width=&#8221;1\/2&#8243;][vc_column_text css_animation=&#8221;appear&#8221; el_class=&#8221;margin-bottom-40&#8243;] SAC &#8211; Servi\u00e7os de Atendimento ao Consumidor [\/vc_column_text][vc_column_text css_animation=&#8221;appear&#8221; el_class=&#8221;margin-bottom-40&#8243;] Atrav\u00e9s do nosso servi\u00e7o de atendimento ao consumidor&nbsp;sua solicita\u00e7\u00e3o ser\u00e1 encaminhada ao departamento&nbsp;respons\u00e1vel. \u00c9 poss\u00edvel [&hellip;]\" \/>\n<meta property=\"og:url\" content=\"http:\/\/isoplast.ind.br\/16\/orca-form-contato\" \/>\n<meta property=\"og:site_name\" content=\"Isoplast Ltda\" \/>\n<meta property=\"article:modified_time\" content=\"2025-04-06T16:11:12+00:00\" \/>\n<meta property=\"og:image\" content=\"http:\/\/isoplast.ind.br\/16\/wp-content\/uploads\/2015\/07\/04_show_de_atendimento_ao_cliente-300x126.jpg\" \/>\n<meta name=\"twitter:card\" content=\"summary\" \/>\n<meta name=\"twitter:label1\" content=\"Est. reading time\">\n\t<meta name=\"twitter:data1\" content=\"1 minuto\">\n<script type=\"application\/ld+json\" class=\"yoast-schema-graph\">{\"@context\":\"https:\/\/schema.org\",\"@graph\":[{\"@type\":\"WebSite\",\"@id\":\"https:\/\/isoplast.ind.br\/16\/#website\",\"url\":\"https:\/\/isoplast.ind.br\/16\/\",\"name\":\"Isoplast Ltda\",\"description\":\"Tecnologia em EPS!\",\"potentialAction\":[{\"@type\":\"SearchAction\",\"target\":\"https:\/\/isoplast.ind.br\/16\/?s={search_term_string}\",\"query-input\":\"required name=search_term_string\"}],\"inLanguage\":\"pt-BR\"},{\"@type\":\"ImageObject\",\"@id\":\"http:\/\/isoplast.ind.br\/16\/orca-form-contato#primaryimage\",\"inLanguage\":\"pt-BR\",\"url\":\"http:\/\/isoplast.ind.br\/16\/wp-content\/uploads\/2015\/07\/04_show_de_atendimento_ao_cliente.jpg\",\"width\":680,\"height\":286},{\"@type\":\"WebPage\",\"@id\":\"http:\/\/isoplast.ind.br\/16\/orca-form-contato#webpage\",\"url\":\"http:\/\/isoplast.ind.br\/16\/orca-form-contato\",\"name\":\"Or\\u00e7amentos e Form de Contato - Isoplast Ltda\",\"isPartOf\":{\"@id\":\"https:\/\/isoplast.ind.br\/16\/#website\"},\"primaryImageOfPage\":{\"@id\":\"http:\/\/isoplast.ind.br\/16\/orca-form-contato#primaryimage\"},\"datePublished\":\"2015-07-18T09:24:53+00:00\",\"dateModified\":\"2025-04-06T16:11:12+00:00\",\"inLanguage\":\"pt-BR\",\"potentialAction\":[{\"@type\":\"ReadAction\",\"target\":[\"http:\/\/isoplast.ind.br\/16\/orca-form-contato\"]}]}]}<\/script>\n<!-- \/ Yoast SEO plugin. -->","_links":{"self":[{"href":"http:\/\/isoplast.ind.br\/16\/wp-json\/wp\/v2\/pages\/117"}],"collection":[{"href":"http:\/\/isoplast.ind.br\/16\/wp-json\/wp\/v2\/pages"}],"about":[{"href":"http:\/\/isoplast.ind.br\/16\/wp-json\/wp\/v2\/types\/page"}],"author":[{"embeddable":true,"href":"http:\/\/isoplast.ind.br\/16\/wp-json\/wp\/v2\/users\/1"}],"replies":[{"embeddable":true,"href":"http:\/\/isoplast.ind.br\/16\/wp-json\/wp\/v2\/comments?post=117"}],"version-history":[{"count":78,"href":"http:\/\/isoplast.ind.br\/16\/wp-json\/wp\/v2\/pages\/117\/revisions"}],"predecessor-version":[{"id":3459,"href":"http:\/\/isoplast.ind.br\/16\/wp-json\/wp\/v2\/pages\/117\/revisions\/3459"}],"wp:attachment":[{"href":"http:\/\/isoplast.ind.br\/16\/wp-json\/wp\/v2\/media?parent=117"}],"curies":[{"name":"wp","href":"https:\/\/api.w.org\/{rel}","templated":true}]}}