{"id":115,"date":"2015-07-18T09:24:26","date_gmt":"2015-07-18T09:24:26","guid":{"rendered":"http:\/\/themes.g5plus.net\/darna\/?page_id=115"},"modified":"2016-04-21T19:48:40","modified_gmt":"2016-04-21T19:48:40","slug":"a-empresa3","status":"publish","type":"page","link":"http:\/\/isoplast.ind.br\/16\/a-empresa3","title":{"rendered":"A Empresa 3"},"content":{"rendered":"<p>[vc_row layout=&#8221;boxed&#8221; parallax_style=&#8221;none&#8221; parallax_scroll_effect=&#8221;fixed&#8221; el_class=&#8221;margin-bottom-100&#8243;][vc_column width=&#8221;1\/2&#8243;][vc_row_inner parallax_style=&#8221;none&#8221; video_link=&#8221;&#8221; parallax_scroll_effect=&#8221;fixed&#8221;][vc_column_inner width=&#8221;1\/2&#8243;][vc_single_image image=&#8221;574&#8243; img_size=&#8221;full&#8221; alignment=&#8221;center&#8221; el_class=&#8221;darna-single-image-style xs-margin-bottom-15&#8243;][\/vc_column_inner][vc_column_inner width=&#8221;1\/2&#8243;][vc_single_image image=&#8221;575&#8243; img_size=&#8221;full&#8221; alignment=&#8221;center&#8221; el_class=&#8221;darna-single-image-style&#8221; css=&#8221;.vc_custom_1437821561191{margin-bottom: 18px !important;}&#8221;][vc_single_image image=&#8221;576&#8243; img_size=&#8221;full&#8221; alignment=&#8221;center&#8221; el_class=&#8221;darna-single-image-style xs-margin-bottom-15&#8243;][\/vc_column_inner][\/vc_row_inner][\/vc_column][vc_column width=&#8221;1\/2&#8243;]\t\t\t<div\r\n\t\t\t\tclass=\"darna-icon-box style3 \" >\r\n\t\t\t\t<a class=\"ibox-icon\" title=\"\"\r\n\t\t\t\t   target=\"_self\" href=\"#\">\r\n\t\t\t\t\t\t\t\t\t\t\t<i class=\"fa fa-suitcase\"><\/i>\r\n\t\t\t\t\t\t\t\t\t<\/a>\r\n\t\t\t\t\t\t\t\t\t<h3><a title=\"\" target=\"_self\"\r\n\t\t\t\t\t       href=\"#\">PERFIL DA EMPRESA<\/a><\/h3>\r\n\t\t\t\t\t\t\t\t\t<p>A ISOPLAST atua desde 1993 na regi\u00e3o Norte-Nordeste do Brasil, onde \u00e9 l\u00edder de mercado na fabrica\u00e7\u00e3o de produtos derivados do poliestireno expandido (EPS), conhecido popularmente como isopor.<\/p>\n<p>Situada no Primeiro Distrito Industrial de Maracana\u00fa-CE, em uma \u00e1rea de 40.000 m\u00b2, a ISOPLAST atua nos setores de embalagens industriais , refrigera\u00e7\u00e3o e constru\u00e7\u00e3o civil. Na linha dom\u00e9stica produz caixas t\u00e9rmicas, placas, recortados e utilidades em geral. No setor industrial fabrica pe\u00e7as para ind\u00fastria eletro-eletr\u00f4nico, farmac\u00eautica, pesqueira e agr\u00edcola. Na \u00e1rea de refrigera\u00e7\u00e3o, fabrica pain\u00e9is termoisolantes (utilizados em c\u00e2maras frigor\u00edficas, transporte de cargas frias, estocagem de alimentos\/bebidas e etc), placas de alta densidade para isolamento t\u00e9rmico, al\u00e9m de calhas para isolamento de tubula\u00e7\u00f5es. Na constru\u00e7\u00e3o civil, produz telhas t\u00e9rmicas, pain\u00e9is de fachada, blocos para enchimento de laje, placas para isolamento t\u00e9rmico \/ac\u00fastico e p\u00e9rolas para concreto leve.<\/p>\r\n\t\t\t\t\t\t\t<\/div>\r\n\t\t\t[vc_row_inner parallax_style=&#8221;none&#8221; parallax_scroll_effect=&#8221;fixed&#8221; el_class=&#8221;darna-list-style&#8221; css=&#8221;.vc_custom_1437821641282{margin-top: 9px !important;margin-bottom: 38px !important;}&#8221;][vc_column_inner width=&#8221;1\/2&#8243;][vc_column_text]<\/p>\n<ul>\n<li>Linha Utilit\u00e1rios de Consumo em EPS<\/li>\n<li>Linha Refrigera\u00e7\u00e3o<\/li>\n<li>Linha Constru\u00e7\u00e3o Civil<span class=\"Apple-converted-space\"><br \/>\n<\/span><\/li>\n<\/ul>\n<p>[\/vc_column_text][\/vc_column_inner][vc_column_inner width=&#8221;1\/2&#8243;][vc_column_text]<\/p>\n<ul>\n<li>Termotelhas EPS<span class=\"Apple-converted-space\"><br \/>\n<\/span><\/li>\n<li>Pe\u00e7as T\u00e9cnicas<\/li>\n<li>Agroind\u00fastria<\/li>\n<\/ul>\n<p>[\/vc_column_text][\/vc_column_inner][\/vc_row_inner]\t\t\t\t\t\t<a class=\"darna-button size-sm style1 icon-left  margin-right-7 xs-margin-bottom-15\"\r\n\t\t\t   href=\"#\"\r\n\t\t\t   title=\"DOWNLOAD COMPANY PROFILE\"\r\n\t\t\t   target=\"_self\"\r\n\t\t\t\t>\r\n\t\t\t\tDOWNLOAD COMPANY PROFILE\t\t\t<\/a>\r\n\t\t\t\t\t\t\t\t\t\t\t<a class=\"darna-button size-sm style4 icon-left  xs-margin-bottom-15\"\r\n\t\t\t   href=\"http:\/\/demo.g5plus.net\/themes\/darna\/projects\/\"\r\n\t\t\t   title=\"VIEW OUR PROJECTS\"\r\n\t\t\t   target=\"_self\"\r\n\t\t\t\t>\r\n\t\t\t\tVIEW OUR PROJECTS\t\t\t<\/a>\r\n\t\t\t\t\t[\/vc_column][\/vc_row][vc_row parallax_style=&#8221;none&#8221; parallax_scroll_effect=&#8221;fixed&#8221; css=&#8221;.vc_custom_1437790525038{background-image: url(http:\/\/isoplast.ind.br\/16\/wp-content\/uploads\/2015\/07\/bg-testimonial.jpg?id=310) !important;background-position: center !important;background-repeat: no-repeat !important;background-size: cover !important;}&#8221;][vc_column]\t\t\t<div\r\n\t\t\t\tclass=\"darna-heading style2 margin-bottom-40 margin-top-100\" >\r\n\t\t\t\t\t\t\t\t\t<h2>WHAT PEOPLE SAID<\/h2>\r\n\t\t\t\t\t\t\t\t\t\t\t\t\t<p>THEY HAPPY WITH US<\/p>\r\n\t\t\t\t\t\t\t<\/div>\r\n\t\t\t\t\t\t<div data-plugin-options='{&quot;navigation&quot;:true,&quot;pagination&quot;:false,&quot;singleItem&quot;:true,&quot;transitionStyle&quot;:&quot;fade&quot;,&quot;stopOnHover&quot;:false,&quot;autoHeight&quot;:false,&quot;autoPlay&quot;:true}'\r\n\t\t\t     class=\"darna-testimonial style1 owl-carousel  margin-bottom-100\" >\r\n\t\t\t\t\t\t\t<div class=\"darna-testimonial-item\">\r\n\t\t\t\t<p>Donec nec justo eget felis facilisis fermentum. Aliquam porttitor mauris sit amet orci. Aenean dignissim pellentesque felis. Morbi in sem quis dui placerat ornare. Pellentesque odio nisi, euis. Cras consequat.<\/p>\r\n\t\t\t\t\t\t\t\t\t<h6>MARK HENRY<\/h6>\r\n\t\t\t\t\t\t\t\t\t<span>G5 - ROME - ITALIA<\/span>\r\n\t\t\t\t\t\t\t<\/div>\r\n\t\t\t\t\t\t<div class=\"darna-testimonial-item\">\r\n\t\t\t\t<p>Donec nec justo eget felis facilisis fermentum. Aliquam porttitor mauris sit amet orci. Aenean dignissim pellentesque felis. Morbi in sem quis dui placerat ornare. Pellentesque odio nisi, euis. Cras consequat.<\/p>\r\n\t\t\t\t\t\t\t\t\t<h6>HARRY DUFF<\/h6>\r\n\t\t\t\t\t\t\t\t\t<span>JVC- NEW JERSEY - USA<\/span>\r\n\t\t\t\t\t\t\t<\/div>\r\n\t\t\t\t\t\t<div class=\"darna-testimonial-item\">\r\n\t\t\t\t<p>Donec nec justo eget felis facilisis fermentum. Aliquam porttitor mauris sit amet orci. Aenean dignissim pellentesque felis. Morbi in sem quis dui placerat ornare. Pellentesque odio nisi, euis. Cras consequat.<\/p>\r\n\t\t\t\t\t\t\t\t\t<h6>TAYLOR<\/h6>\r\n\t\t\t\t\t\t\t\t\t<span>SINGLE - WASHINGTON - USA<\/span>\r\n\t\t\t\t\t\t\t<\/div>\r\n\t\t\t\t\t\t<\/div>\r\n\t\t\t[\/vc_column][\/vc_row]<\/p>\n","protected":false},"excerpt":{"rendered":"<p>[vc_row layout=&#8221;boxed&#8221; parallax_style=&#8221;none&#8221; parallax_scroll_effect=&#8221;fixed&#8221; el_class=&#8221;margin-bottom-100&#8243;][vc_column width=&#8221;1\/2&#8243;][vc_row_inner parallax_style=&#8221;none&#8221; video_link=&#8221;&#8221; parallax_scroll_effect=&#8221;fixed&#8221;][vc_column_inner width=&#8221;1\/2&#8243;][vc_single_image image=&#8221;574&#8243; img_size=&#8221;full&#8221; alignment=&#8221;center&#8221; el_class=&#8221;darna-single-image-style xs-margin-bottom-15&#8243;][\/vc_column_inner][vc_column_inner width=&#8221;1\/2&#8243;][vc_single_image image=&#8221;575&#8243; img_size=&#8221;full&#8221; alignment=&#8221;center&#8221; el_class=&#8221;darna-single-image-style&#8221; css=&#8221;.vc_custom_1437821561191{margin-bottom: 18px !important;}&#8221;][vc_single_image image=&#8221;576&#8243; img_size=&#8221;full&#8221; alignment=&#8221;center&#8221; el_class=&#8221;darna-single-image-style xs-margin-bottom-15&#8243;][\/vc_column_inner][\/vc_row_inner][\/vc_column][vc_column width=&#8221;1\/2&#8243;][vc_row_inner parallax_style=&#8221;none&#8221; parallax_scroll_effect=&#8221;fixed&#8221; el_class=&#8221;darna-list-style&#8221; css=&#8221;.vc_custom_1437821641282{margin-top: 9px !important;margin-bottom: 38px !important;}&#8221;][vc_column_inner width=&#8221;1\/2&#8243;][vc_column_text] Linha Utilit\u00e1rios de Consumo em EPS Linha Refrigera\u00e7\u00e3o Linha Constru\u00e7\u00e3o Civil [\/vc_column_text][\/vc_column_inner][vc_column_inner width=&#8221;1\/2&#8243;][vc_column_text] Termotelhas EPS Pe\u00e7as T\u00e9cnicas [&hellip;]<\/p>\n","protected":false},"author":1,"featured_media":0,"parent":0,"menu_order":0,"comment_status":"closed","ping_status":"closed","template":"","meta":[],"yoast_head":"<!-- This site is optimized with the Yoast SEO plugin v15.5 - https:\/\/yoast.com\/wordpress\/plugins\/seo\/ -->\n<title>A Empresa 3 - Isoplast Ltda<\/title>\n<meta name=\"robots\" content=\"index, follow, max-snippet:-1, max-image-preview:large, max-video-preview:-1\" \/>\n<link rel=\"canonical\" href=\"http:\/\/isoplast.ind.br\/16\/a-empresa3\" \/>\n<meta property=\"og:locale\" content=\"pt_BR\" \/>\n<meta property=\"og:type\" content=\"article\" \/>\n<meta property=\"og:title\" content=\"A Empresa 3 - Isoplast Ltda\" \/>\n<meta property=\"og:description\" content=\"[vc_row layout=&#8221;boxed&#8221; parallax_style=&#8221;none&#8221; parallax_scroll_effect=&#8221;fixed&#8221; el_class=&#8221;margin-bottom-100&#8243;][vc_column width=&#8221;1\/2&#8243;][vc_row_inner parallax_style=&#8221;none&#8221; video_link=&#8221;&#8221; parallax_scroll_effect=&#8221;fixed&#8221;][vc_column_inner width=&#8221;1\/2&#8243;][vc_single_image image=&#8221;574&#8243; img_size=&#8221;full&#8221; alignment=&#8221;center&#8221; el_class=&#8221;darna-single-image-style xs-margin-bottom-15&#8243;][\/vc_column_inner][vc_column_inner width=&#8221;1\/2&#8243;][vc_single_image image=&#8221;575&#8243; img_size=&#8221;full&#8221; alignment=&#8221;center&#8221; el_class=&#8221;darna-single-image-style&#8221; css=&#8221;.vc_custom_1437821561191{margin-bottom: 18px !important;}&#8221;][vc_single_image image=&#8221;576&#8243; img_size=&#8221;full&#8221; alignment=&#8221;center&#8221; el_class=&#8221;darna-single-image-style xs-margin-bottom-15&#8243;][\/vc_column_inner][\/vc_row_inner][\/vc_column][vc_column width=&#8221;1\/2&#8243;][vc_row_inner parallax_style=&#8221;none&#8221; parallax_scroll_effect=&#8221;fixed&#8221; el_class=&#8221;darna-list-style&#8221; css=&#8221;.vc_custom_1437821641282{margin-top: 9px !important;margin-bottom: 38px !important;}&#8221;][vc_column_inner width=&#8221;1\/2&#8243;][vc_column_text] Linha Utilit\u00e1rios de Consumo em EPS Linha Refrigera\u00e7\u00e3o Linha Constru\u00e7\u00e3o Civil [\/vc_column_text][\/vc_column_inner][vc_column_inner width=&#8221;1\/2&#8243;][vc_column_text] Termotelhas EPS Pe\u00e7as T\u00e9cnicas [&hellip;]\" \/>\n<meta property=\"og:url\" content=\"http:\/\/isoplast.ind.br\/16\/a-empresa3\" \/>\n<meta property=\"og:site_name\" content=\"Isoplast Ltda\" \/>\n<meta property=\"article:modified_time\" content=\"2016-04-21T19:48:40+00:00\" \/>\n<meta name=\"twitter:card\" content=\"summary\" \/>\n<meta name=\"twitter:label1\" content=\"Est. reading time\">\n\t<meta name=\"twitter:data1\" content=\"2 minutos\">\n<script type=\"application\/ld+json\" class=\"yoast-schema-graph\">{\"@context\":\"https:\/\/schema.org\",\"@graph\":[{\"@type\":\"WebSite\",\"@id\":\"https:\/\/isoplast.ind.br\/16\/#website\",\"url\":\"https:\/\/isoplast.ind.br\/16\/\",\"name\":\"Isoplast Ltda\",\"description\":\"Tecnologia em EPS!\",\"potentialAction\":[{\"@type\":\"SearchAction\",\"target\":\"https:\/\/isoplast.ind.br\/16\/?s={search_term_string}\",\"query-input\":\"required name=search_term_string\"}],\"inLanguage\":\"pt-BR\"},{\"@type\":\"WebPage\",\"@id\":\"http:\/\/isoplast.ind.br\/16\/a-empresa3#webpage\",\"url\":\"http:\/\/isoplast.ind.br\/16\/a-empresa3\",\"name\":\"A Empresa 3 - Isoplast Ltda\",\"isPartOf\":{\"@id\":\"https:\/\/isoplast.ind.br\/16\/#website\"},\"datePublished\":\"2015-07-18T09:24:26+00:00\",\"dateModified\":\"2016-04-21T19:48:40+00:00\",\"inLanguage\":\"pt-BR\",\"potentialAction\":[{\"@type\":\"ReadAction\",\"target\":[\"http:\/\/isoplast.ind.br\/16\/a-empresa3\"]}]}]}<\/script>\n<!-- \/ Yoast SEO plugin. -->","_links":{"self":[{"href":"http:\/\/isoplast.ind.br\/16\/wp-json\/wp\/v2\/pages\/115"}],"collection":[{"href":"http:\/\/isoplast.ind.br\/16\/wp-json\/wp\/v2\/pages"}],"about":[{"href":"http:\/\/isoplast.ind.br\/16\/wp-json\/wp\/v2\/types\/page"}],"author":[{"embeddable":true,"href":"http:\/\/isoplast.ind.br\/16\/wp-json\/wp\/v2\/users\/1"}],"replies":[{"embeddable":true,"href":"http:\/\/isoplast.ind.br\/16\/wp-json\/wp\/v2\/comments?post=115"}],"version-history":[{"count":11,"href":"http:\/\/isoplast.ind.br\/16\/wp-json\/wp\/v2\/pages\/115\/revisions"}],"predecessor-version":[{"id":1804,"href":"http:\/\/isoplast.ind.br\/16\/wp-json\/wp\/v2\/pages\/115\/revisions\/1804"}],"wp:attachment":[{"href":"http:\/\/isoplast.ind.br\/16\/wp-json\/wp\/v2\/media?parent=115"}],"curies":[{"name":"wp","href":"https:\/\/api.w.org\/{rel}","templated":true}]}}